{"id":17,"date":"2026-03-02T11:19:29","date_gmt":"2026-03-02T03:19:29","guid":{"rendered":"http:\/\/yogurt-machine.com\/?page_id=17"},"modified":"2026-03-02T11:24:01","modified_gmt":"2026-03-02T03:24:01","slug":"contact-us","status":"publish","type":"page","link":"https:\/\/yogurt-machine.com\/sw\/contact-us\/","title":{"rendered":"Neem contact met ons op \u2013 Shuliy Yoghurtmachinefabrikant | Gratis offerte"},"content":{"rendered":"<div class=\"wp-block-cover aligncenter has-background-dim\"><img loading=\"lazy\" decoding=\"async\" width=\"536\" height=\"409\" class=\"wp-block-cover__image-background wp-image-2103\" alt=\"Contact Shuliy yogurt machine manufacturer\" src=\"https:\/\/yogurt-machine.com\/wp-content\/uploads\/2021\/06\/Shuliy-yogurt-processing-line-3.jpg\" data-object-fit=\"cover\" title=\"\"><div class=\"wp-block-cover__inner-container is-layout-flow wp-block-cover-is-layout-flow\"> <h1 class=\"has-text-align-center wp-block-heading\">Contacta\u021bi Shuliy Machinery \u2013 Produc\u0103tor de ma\u0219ini de iaurt de \u00eencredere<\/h1>    <p class=\"has-text-align-center\">Ob\u021bine\u021bi solu\u021bii profesionale de linie de produc\u021bie de iaurt \u0219i oferte gratuite \u00een 24 de ore<\/p> <\/div><\/div>    <div class=\"wp-block-columns is-layout-flex wp-container-core-columns-is-layout-9d6595d7 wp-block-columns-is-layout-flex\"> <div class=\"wp-block-column is-layout-flow wp-block-column-is-layout-flow\" style=\"flex-basis:50%\"> <h2 class=\"wp-block-heading\" id=\"h-get-in-touch\">\ud83d\udcde Contacta\u021bi-ne<\/h2>    <p class=\"translation-block\">\u00cen\u021belegem c\u0103 alegerea celui mai bun <strong>produc\u0103tor de ma\u0219ini de iaurt<\/strong> este o decizie critic\u0103 pentru afacerea dumneavoastr\u0103. Echipa noastr\u0103 de exper\u021bi este gata s\u0103 v\u0103 ofere consultan\u021b\u0103 personalizat\u0103, oferte detaliate \u0219i solu\u021bii complete adaptate nevoilor dumneavoastr\u0103 specifice.<\/p>    <ul class=\"wp-block-list\">  <li><strong>Email:<\/strong> <a href=\"mailto:info@yogurt-machine.com\">info@yogurt-machine.com<\/a><\/li>    <li><strong>WhatsApp\/Tel\/WeChat:<\/strong> <a href=\"https:\/\/wa.me\/8613838515872\" target=\"_blank\" rel=\"noopener\">+86 13838515872<\/a><\/li>    <li><strong>Adresa:<\/strong> East Nautical Road, Zona de Dezvoltare Economic\u0103 Zhengzhou, Henan, China<\/li>    <li><strong>Orele de program:<\/strong> Luni \u2013 Vineri: 9:00 \u2013 18:00 (GMT 8)<\/li>  <\/ul> <\/div>    <div class=\"wp-block-column is-layout-flow wp-block-column-is-layout-flow\" style=\"flex-basis:50%\"> <h2 class=\"wp-block-heading\" id=\"h-why-contact-us\">\u2b50 De ce s\u0103 contacta\u021bi Shuliy Machinery?<\/h2>    <ul class=\"wp-block-list\">  <li>\u2705 <strong>Experien\u021b\u0103 de peste 15 ani:<\/strong> \u00cenfiin\u021bat\u0103 \u00een 2011, fabric\u0103m ma\u0219ini de iaurt de peste un deceniu<\/li>    <li>\u2705 <strong>50  \u021b\u0103ri deservite:<\/strong> Liniile noastre de produc\u021bie de iaurt sunt instalate \u00een Nigeria, Kenya, Malaysia, Vietnam, Tanzania, Arabia Saudit\u0103 \u0219i altele<\/li>    <li>\u2705 <strong>Consultan\u021b\u0103 gratuit\u0103:<\/strong> Sfaturi de specialitate privind selec\u021bia echipamentelor, capacitatea de produc\u021bie \u0219i planificarea investi\u021biilor<\/li>    <li>\u2705 <strong>R\u0103spuns 24 de ore:<\/strong> Ofert\u0103 rapid\u0103 \u0219i suport tehnic \u00een decurs de o zi lucr\u0103toare<\/li>    <li>\u2705 <strong>Solu\u021bii personalizate:<\/strong> Linii de produc\u021bie de iaurt personalizate, de la 200L\/D p\u00e2n\u0103 la 5000L\/D capacitate<\/li>  <\/ul> <\/div> <\/div>    <h2 class=\"wp-block-heading\" id=\"h-contact-methods\">\ud83d\udcac Multiple metode de contact pentru confortul dumneavoastr\u0103<\/h2>    <p class=\"translation-block\">Oferim diverse canale de comunicare pentru a v\u0103 facilita contactul, fie c\u0103 solicita\u021bi informa\u021bii despre liniile noastre de produc\u021bie de iaurt, o ofert\u0103 sau suport tehnic.<\/p>    <figure class=\"wp-block-table\"> <table> <thead> <tr> <th>Metod\u0103 de contact<\/th> <th>M\u00eb t\u00eb mirat p\u00ebr<\/th> <th>Timp de r\u0103spuns<\/th> <\/tr> <\/thead> <tbody> <tr> <td><strong>WhatsApp\/WeChat<\/strong><\/td> <td>\u00centreb\u0103ri rapide, chat instant, fotografii\/video<\/td> <td>&lt; 1 or\u0103 (orele de program)<\/td> <\/tr> <tr> <td><strong>Barua pepe<\/strong><\/td> <td>Informa\u021bii detaliate, oferte oficiale, documente<\/td> <td>&lt; 24 de ore<\/td> <\/tr> <tr> <td><strong>Apel telefonic<\/strong><\/td> <td>Chestiuni urgente, discu\u021bii detaliate<\/td> <td>Imediat<\/td> <\/tr> <tr> <td><strong>Vizit\u0103 la fabric\u0103<\/strong><\/td> <td>Inspec\u021bie echipament, \u00eent\u00e2lniri fa\u021b\u0103 \u00een fa\u021b\u0103<\/td> <td>Programare prealabil\u0103<\/td> <\/tr> <\/tbody> <\/table> <\/figure>    <h2 class=\"wp-block-heading\" id=\"h-inquiry-information\">\ud83d\udcdd Ce informa\u021bii trebuie s\u0103 furniza\u021bi?<\/h2>    <p class=\"translation-block\">Pentru a ne ajuta s\u0103 v\u0103 oferim cea mai precis\u0103 ofert\u0103 \u0219i solu\u021bii potrivite <strong>ma\u0219inilor de iaurt<\/strong>, v\u0103 rug\u0103m s\u0103 include\u021bi urm\u0103toarele informa\u021bii atunci c\u00e2nd ne contacta\u021bi:<\/p>    <ul class=\"wp-block-list\">  <li><strong>Numele \u0219i compania dumneavoastr\u0103:<\/strong> Pentru a \u0219ti cu cine vorbim<\/li>    <li><strong>\u021aar\u0103\/Regiune:<\/strong> Pentru a \u00een\u021belege cerin\u021bele locale \u0219i logistica de expediere<\/li>    <li><strong>Capacitate de produc\u021bie:<\/strong> Necesitatea de produc\u021bie zilnic\u0103 (de exemplu, 200L\/zi, 500L\/zi, 1000L\/zi)<\/li>    <li><strong>Tip de iaurt:<\/strong> Iaurt simplu, iaurt grecesc, iaurt de b\u0103ut, iaurt aromat, etc.<\/li>    <li><strong>Materie prim\u0103:<\/strong> Lapte proasp\u0103t sau pudr\u0103 de lapte ca materie prim\u0103<\/li>    <li><strong>Tip de ambalaj:<\/strong> Cupa, sticle, pungi sau recipiente la volum mare<\/li>    <li><strong>Nivel de automatizare:<\/strong> Linie de produc\u021bie manual\u0103, semi-automat\u0103 sau complet automat\u0103<\/li>    <li><strong>Gama de buget:<\/strong> Pentru a recomanda cea mai rentabil\u0103 solu\u021bie<\/li>    <li><strong>Cerin\u021be speciale:<\/strong> Orice certific\u0103ri specifice, cerin\u021be de tensiune sau caracteristici personalizate<\/li>  <\/ul>    <h2 class=\"wp-block-heading\" id=\"h-our-response-process\">\ud83d\udd04 Procesul nostru de r\u0103spuns<\/h2>    <p>C\u00e2nd contacta\u021bi Shuliy Machinery, iat\u0103 ce pute\u021bi a\u0219tepta:<\/p>    <ol class=\"wp-block-list\">  <li><strong>Informa\u021bie ini\u021bial\u0103 (Ziua 1):<\/strong> Ne trimite\u021bi cerin\u021bele dumneavoastr\u0103 prin email, WhatsApp sau telefon<\/li>    <li><strong>Analiza cerin\u021belor (Ziua 1-2):<\/strong> Inginerii no\u0219tri analizeaz\u0103 nevoile dumneavoastr\u0103 \u0219i identific\u0103 cele mai bune solu\u021bii<\/li>    <li><strong>Ofert\u0103 detaliat\u0103 (Ziua 2-3):<\/strong> Oferim o ofert\u0103 complet\u0103 cu list\u0103 de echipamente, specifica\u021bii \u0219i pre\u021buri<\/li>    <li><strong>Discu\u021bie tehnic\u0103 (Ziua 3-5):<\/strong> Apel video sau \u00eent\u00e2lnire pentru discu\u021bii tehnice \u0219i r\u0103spunsuri la \u00eentreb\u0103ri<\/li>    <li><strong>Propunere final\u0103 (Ziua 5-7):<\/strong> Propunere rafinat\u0103 bazat\u0103 pe feedback-ul \u0219i cerin\u021bele dumneavoastr\u0103 specifice<\/li>    <li><strong>Invita\u021bie la vizit\u0103 \u00een fabric\u0103:<\/strong> Vizit\u0103 op\u021bional\u0103 la fabrica noastr\u0103 din Zhengzhou pentru inspec\u021bie echipamente \u0219i \u00eent\u00e2lnire cu echipa noastr\u0103<\/li>  <\/ol>    <h2 class=\"wp-block-heading\" id=\"h-frequently-asked-questions\">\u2753 \u00centreb\u0103ri frecvente<\/h2>    <h3 class=\"wp-block-heading\" id=\"h-how-fast-can-i-get-quotation\">C\u00e2t de rapid pot ob\u021bine o ofert\u0103?<\/h3>    <p class=\"translation-block\">De obicei, furniz\u0103m oferte preliminare \u00een <strong>24 de ore<\/strong> \u00een timpul zilelor lucr\u0103toare. Pentru proiecte complexe ce necesit\u0103 inginerie personalizat\u0103, propunerile detaliate pot dura 2-3 zile lucr\u0103toare.<\/p>    <h3 class=\"wp-block-heading\" id=\"h-do-you-provide-installation-support\">Oferi\u021bi suport pentru instalare?<\/h3>    <p class=\"translation-block\">Da! Oferim suport complet pentru instalare, inclusiv desene de instalare, ghidare video \u0219i dispatching ingineri pe teren (cost suplimentar). <a href=\"https:\/\/yogurt-machine.com\/sw\/200l-small-scale-yogurt-production-line-was-shipped-to-saudi\/\">Liniile de produc\u021bie de iaurt<\/a> noastre au fost instalate cu succes \u00een peste 50 de \u021b\u0103ri din \u00eentreaga lume.<\/p>    <h3 class=\"wp-block-heading\" id=\"h-what-after-sales-service-do-you-offer\">Ce serviciu post-v\u00e2nzare oferi\u021bi?<\/h3>    <p class=\"translation-block\">Oferim <strong>garantie de 12 luni<\/strong> pentru toate echipamentele, suport tehnic pe via\u021b\u0103, furnizare de piese de schimb \u0219i depanare de la distan\u021b\u0103. Echipa noastr\u0103 este disponibil\u0103 24\/7 pentru asisten\u021b\u0103.<\/p>    <h3 class=\"wp-block-heading\" id=\"h-can-you-customize-equipment\">Pute\u021bi personaliza echipamentul pentru cerin\u021bele mele?<\/h3>    <p>Absolut! Suntem specializa\u021bi \u00een linii de produc\u021bie personalizate de iaurt. Indiferent dac\u0103 ave\u021bi nevoie de capacitate specific\u0103, tensiune (220V\/380V\/440V), calitate material (o\u021bel inoxidabil 304\/316) sau caracteristici de automatizare, putem adapta solu\u021biile la nevoile dumneavoastr\u0103.<\/p>    <h3 class=\"wp-block-heading\" id=\"h-do-you-ship-worldwide\">Livra\u021bi \u00een \u00eentreaga lume?<\/h3>    <p>Da, export\u0103m global \u0219i avem experien\u021b\u0103 extins\u0103 \u00een expedierea c\u0103tre Africa, Asia de Sud-Est, Orientul Mijlociu, America de Sud \u0219i alte regiuni. Gestion\u0103m toate documentele de export \u0219i putem organiza livrare la u\u0219\u0103.<\/p>    <h2 class=\"wp-block-heading\" id=\"h-visit-our-factory\">\ud83c\udfed Vizita\u021bi fabrica noastr\u0103<\/h2>    <p>V\u0103 invit\u0103m c\u0103lduros s\u0103 vizita\u021bi unitatea noastr\u0103 de produc\u021bie din Zhengzhou, provincia Henan. \u00cen timpul vizitei dumneavoastr\u0103, pute\u021bi:<\/p>    <ul class=\"wp-block-list\">  <li>\u2705 Inspecta\u021bi calitatea \u0219i m\u0103iestria ma\u0219inii de iaurt direct<\/li>    <li>\u2705 Urm\u0103ri\u021bi testarea \u0219i demonstra\u021bia echipamentului<\/li>    <li>\u2705 \u00cent\u00e2lni\u021bi echipa noastr\u0103 de ingineri \u0219i discuta\u021bi despre cerin\u021bele dumneavoastr\u0103<\/li>    <li>\u2705 Vizita\u021bi unitatea noastr\u0103 de produc\u021bie \u0219i sistemele de control al calit\u0103\u021bii<\/li>    <li>\u2705 Explora\u021bi op\u021biuni de personalizare \u0219i caracteristici speciale<\/li>  <\/ul>    <p class=\"translation-block\"><strong>Adresa fabricii:<\/strong> East Nautical Road, Zona de Dezvoltare Economic\u0103 Zhengzhou, Henan, China<br><strong>Cel mai apropiat aeroport:<\/strong> Aeroportul Interna\u021bional Zhengzhou Xinzheng (CGO)<br><strong>Aranjament vizit\u0103:<\/strong> V\u0103 rug\u0103m s\u0103 ne contacta\u021bi cu cel pu\u021bin 3 zile \u00eenainte pentru programare<\/p>    <h2 class=\"wp-block-heading\" id=\"h-ready-to-start\">\ud83d\ude80 Preg\u0103tit s\u0103 \u00eencepe\u021bi afacerea de produc\u021bie de iaurt?<\/h2>    <p>Indiferent dac\u0103 sunte\u021bi fermier lactat, antreprenor care dore\u0219te diversificare, sau o companie stabilit\u0103 care \u00ee\u0219i extinde linia de produse, Shuliy Machinery este aici pentru a sprijini succesul dumneavoastr\u0103.<\/p>    <p class=\"translation-block\"><strong>Contacta\u021bi-ne ast\u0103zi<\/strong> \u0219i l\u0103sa\u021bi exper\u021bii no\u0219tri s\u0103 v\u0103 ajute s\u0103 proiecta\u021bi linia de produc\u021bie de iaurt perfect\u0103 pentru nevoile dumneavoastr\u0103. Ob\u021bine\u021bi o ofert\u0103 gratuit\u0103, f\u0103r\u0103 obliga\u021bii, \u00een 24 de ore!<\/p>    <div class=\"wp-block-buttons is-layout-flex wp-block-buttons-is-layout-flex\"> <div class=\"wp-block-button\"><a class=\"wp-block-button__link\" href=\"https:\/\/wa.me\/8613838515872\" target=\"_blank\" rel=\"noopener\">\ud83d\udcf1 Chat pe WhatsApp<\/a><\/div>    <div class=\"wp-block-button\"><a class=\"wp-block-button__link\" href=\"mailto:info@yogurt-machine.com\">\ud83d\udce7 Trimite\u021bi email acum<\/a><\/div>    <div class=\"wp-block-button\"><a class=\"wp-block-button__link\" href=\"https:\/\/yogurt-machine.com\/sw\/yogurt-production-line-yogurt-machine\/\">\ud83d\udd0d Vizualiza\u021bi Produsele<\/a><\/div> <\/div>    <hr class=\"wp-block-separator\"\/>    <p class=\"has-small-font-size translation-block\"><em>Cuvinte cheie: contacta\u021bi produc\u0103torul de ma\u0219ini de iaurt, furnizor de linii de produc\u021bie de iaurt, echipamente comerciale de iaurt, ma\u0219ini de procesare a lactatelor, pre\u021b ma\u0219ini de iaurt, linie de produc\u021bie de iaurt de scar\u0103 mic\u0103, fabric\u0103 automat\u0103 de iaurt, contact Shuliy<\/em><\/p>","protected":false},"excerpt":{"rendered":"<p>Neem kontakt op met Shuliy Machinery voor professionele oplossingen voor yoghurtproductielijnen. Ontvang binnen 24 uur een gratis offerte. WhatsApp:  86 13838515872, E-mail: info@yogurt-machine.com<\/p>","protected":false},"author":1,"featured_media":0,"parent":0,"menu_order":0,"comment_status":"closed","ping_status":"closed","template":"","meta":{"footnotes":""},"class_list":["post-17","page","type-page","status-publish"],"_links":{"self":[{"href":"https:\/\/yogurt-machine.com\/sw\/wp-json\/wp\/v2\/pages\/17","targetHints":{"allow":["GET"]}}],"collection":[{"href":"https:\/\/yogurt-machine.com\/sw\/wp-json\/wp\/v2\/pages"}],"about":[{"href":"https:\/\/yogurt-machine.com\/sw\/wp-json\/wp\/v2\/types\/page"}],"author":[{"embeddable":true,"href":"https:\/\/yogurt-machine.com\/sw\/wp-json\/wp\/v2\/users\/1"}],"replies":[{"embeddable":true,"href":"https:\/\/yogurt-machine.com\/sw\/wp-json\/wp\/v2\/comments?post=17"}],"version-history":[{"count":8,"href":"https:\/\/yogurt-machine.com\/sw\/wp-json\/wp\/v2\/pages\/17\/revisions"}],"predecessor-version":[{"id":16848,"href":"https:\/\/yogurt-machine.com\/sw\/wp-json\/wp\/v2\/pages\/17\/revisions\/16848"}],"wp:attachment":[{"href":"https:\/\/yogurt-machine.com\/sw\/wp-json\/wp\/v2\/media?parent=17"}],"curies":[{"name":"wp","href":"https:\/\/api.w.org\/{rel}","templated":true}]}}