{"id":31,"date":"2019-11-20T09:04:01","date_gmt":"2019-11-20T09:04:01","guid":{"rendered":"http:\/\/yogurt-machine.com\/?page_id=31"},"modified":"2021-06-19T11:51:42","modified_gmt":"2021-06-19T03:51:42","slug":"yogurt-machine","status":"publish","type":"page","link":"https:\/\/yogurt-machine.com\/pt\/","title":{"rendered":"Bem-vindo \u00e0 maquinaria de iogurte Shuliy"},"content":{"rendered":"<div class=\"wp-block-columns intro is-layout-flex wp-container-core-columns-is-layout-9d6595d7 wp-block-columns-is-layout-flex\"> <div class=\"wp-block-column is-layout-flow wp-block-column-is-layout-flow\"> <figure class=\"wp-block-image size-large\"><img loading=\"lazy\" decoding=\"async\" width=\"536\" height=\"409\" src=\"https:\/\/yogurt-machine.com\/wp-content\/uploads\/2021\/06\/Shuliy-yogurt-processing-line-3.jpg\" alt=\"Linha de processamento de iogurte Shuliy\" class=\"wp-image-2103\" title=\"\"><\/figure> <\/div>    <div class=\"wp-block-column right is-layout-flow wp-block-column-is-layout-flow\"> <h2 class=\"has-text-align-center wp-block-heading\" id=\"h-why-choose-us\"><strong>Por que nos escolher<\/strong><\/h2>    <p class=\"has-text-align-left\">A maquinaria Shuliy foi estabelecida para a fabrica\u00e7\u00e3o de m\u00e1quinas de iogurte em 2011 com uma grande quantidade de t\u00e9cnicos e especialistas. Atrav\u00e9s de anos de pesquisa e inova\u00e7\u00e3o cont\u00ednuas, nossa tecnologia de processamento de iogurte est\u00e1 bastante madura e nos tornamos uma empresa profissional com direitos de propriedade intelectual independentes e tecnologia central na ind\u00fastria. E estabelecer um conjunto de sistemas de servi\u00e7os de fabrica\u00e7\u00e3o e vendas, pode fornecer aos clientes em tempo h\u00e1bil produtos e servi\u00e7os abrangentes, razo\u00e1veis, de alta qualidade e eficientes.<\/p> <\/div> <\/div>    <br>    <div class=\"wp-block-image\"><figure class=\"aligncenter size-large is-resized\"><img loading=\"lazy\" decoding=\"async\" src=\"https:\/\/yogurt-machine.com\/wp-content\/uploads\/2019\/11\/blue-icon.png\" alt=\"\" class=\"wp-image-217\" width=\"40\" height=\"40\" title=\"\"><\/figure><\/div>    <h2 class=\"has-text-align-center wp-block-heading\" id=\"h-professional-yogurt-processing-crafts-and-equipment\"><strong>Artesanato e equipamento profissional para processamento de iogurte<\/strong><\/h2>    <br>    <div class=\"wp-block-columns yogurt is-layout-flex wp-container-core-columns-is-layout-9d6595d7 wp-block-columns-is-layout-flex\"> <div class=\"wp-block-column is-layout-flow wp-block-column-is-layout-flow\" style=\"flex-basis:25%\"> <p class=\"has-text-align-right top-left\"> Atrav\u00e9s de anos de desenvolvimento, as m\u00e1quinas de processamento de iogurte Shuliy formaram um sistema completo de produ\u00e7\u00e3o de equipamentos. <\/p>    <p class=\"has-text-align-right bottom-left\"> O equipamento principal abrange a conserva\u00e7\u00e3o de leite fresco, pr\u00e9-aquecimento e homogeneiza\u00e7\u00e3o de leite, esteriliza\u00e7\u00e3o de leite, fermenta\u00e7\u00e3o de iogurte e embalagem em lote, sistema de limpeza CIP, m\u00e1quina de esteriliza\u00e7\u00e3o de alta temperatura e m\u00e1quina de pasteuriza\u00e7\u00e3o e assim por diante. <\/p> <\/div>    <div class=\"wp-block-column is-layout-flow wp-block-column-is-layout-flow\" style=\"flex-basis:50%\"> <div class=\"wp-block-image\"><figure class=\"aligncenter size-large\"><img loading=\"lazy\" decoding=\"async\" width=\"800\" height=\"533\" src=\"https:\/\/yogurt-machine.com\/wp-content\/uploads\/2019\/12\/yobg.jpg\" alt=\"\" class=\"wp-image-446\" title=\"\" srcset=\"https:\/\/yogurt-machine.com\/wp-content\/uploads\/2019\/12\/yobg.jpg 800w, https:\/\/yogurt-machine.com\/wp-content\/uploads\/2019\/12\/yobg-768x512.jpg 768w\" sizes=\"auto, (max-width: 800px) 100vw, 800px\" \/><\/figure><\/div> <\/div>    <div class=\"wp-block-column is-layout-flow wp-block-column-is-layout-flow\" style=\"flex-basis:25%\"> <p class=\"has-text-align-left top-right\"> Com a grande popularidade das nossas m\u00e1quinas de processamento de iogurte no mercado internacional, as nossas m\u00e1quinas foram instaladas e colocadas na produ\u00e7\u00e3o de iogurte em muitos pa\u00edses.  <\/p>    <p class=\"bottom-right\"> Os recentes mercados de venda a quente s\u00e3o os seguintes: Nig\u00e9ria, \u00c1frica do Sul, Mal\u00e1sia, Fran\u00e7a, Emirados \u00c1rabes Unidos, Nova Zel\u00e2ndia, Col\u00f4mbia, Mong\u00f3lia, Estados Unidos, Mo\u00e7ambique, Tanz\u00e2nia, Rep\u00fablica Checa e assim por diante.<\/p> <\/div> <\/div>    <br>    <div class=\"wp-block-image\"><figure class=\"aligncenter size-large is-resized\"><img loading=\"lazy\" decoding=\"async\" src=\"https:\/\/yogurt-machine.com\/wp-content\/uploads\/2019\/11\/blue-icon.png\" alt=\"\" class=\"wp-image-217\" width=\"40\" height=\"40\" title=\"\"><\/figure><\/div>    <h2 class=\"has-text-align-center wp-block-heading\" id=\"h-our-products\"><strong>Nossos produtos<\/strong><\/h2>    <div class=\"pt-cv-wrapper\"><div class=\"pt-cv-view pt-cv-grid pt-cv-colsys\" id=\"pt-cv-view-00dfaf0d7j\"><div data-id=\"pt-cv-page-1\" class=\"pt-cv-page\" data-cvc=\"2\"><div class=\"col-md-6 col-sm-6 col-xs-12 pt-cv-content-item pt-cv-1-col\"  data-pid=\"376\"><div class='pt-cv-ifield'><a href=\"https:\/\/yogurt-machine.com\/pt\/yogurt-production-line-yogurt-machine\/\" class=\"_self pt-cv-href-thumbnail pt-cv-thumb-default cvplbd\" target=\"_self\" ><img loading=\"lazy\" decoding=\"async\" width=\"540\" height=\"540\" src=\"https:\/\/yogurt-machine.com\/wp-content\/uploads\/2026\/03\/yogurt-production-line.webp\" class=\"pt-cv-thumbnail img-none\" alt=\"linha de produ\u00e7\u00e3o de iogurte\" srcset=\"https:\/\/yogurt-machine.com\/wp-content\/uploads\/2026\/03\/yogurt-production-line.webp 540w, https:\/\/yogurt-machine.com\/wp-content\/uploads\/2026\/03\/yogurt-production-line-12x12.webp 12w\" sizes=\"auto, (max-width: 540px) 100vw, 540px\" title=\"\"><\/a> <h4 class=\"pt-cv-title\"><a href=\"https:\/\/yogurt-machine.com\/pt\/yogurt-production-line-yogurt-machine\/\" class=\"_self cvplbd\" target=\"_self\" >Linha de Produ\u00e7\u00e3o de Iogurte | M\u00e1quina Comercial de Iogurte 200L-5000L | Shuliy<\/a><\/h4><\/div><\/div> <div class=\"col-md-6 col-sm-6 col-xs-12 pt-cv-content-item pt-cv-1-col\"  data-pid=\"503\"><div class='pt-cv-ifield'><a href=\"https:\/\/yogurt-machine.com\/pt\/automatic-yogurt-filling-machine-packaging-machine\/\" class=\"_self pt-cv-href-thumbnail pt-cv-thumb-default cvplbd\" target=\"_self\" ><img loading=\"lazy\" decoding=\"async\" width=\"540\" height=\"540\" src=\"https:\/\/yogurt-machine.com\/wp-content\/uploads\/2019\/12\/Automatic-Yogurt-Filling-Machine-1.jpg\" class=\"pt-cv-thumbnail img-none\" alt=\"M\u00e1quina autom\u00e1tica de enchimento de iogurte\" title=\"\"><\/a> <h4 class=\"pt-cv-title\"><a href=\"https:\/\/yogurt-machine.com\/pt\/automatic-yogurt-filling-machine-packaging-machine\/\" class=\"_self cvplbd\" target=\"_self\" >M\u00e1quina autom\u00e1tica de enchimento de iogurte | M\u00e1quina de embalagem<\/a><\/h4><\/div><\/div><\/div><\/div><\/div>\t\t\t<style type=\"text\/css\" id=\"pt-cv-inline-style-44535897px\">#pt-cv-view-00dfaf0d7j  .pt-cv-ifield   { background-color: #ffffff !important; } #pt-cv-view-00dfaf0d7j .pt-cv-href-thumbnail  { margin-left: auto !important; margin-right: auto !important; display: block !important; text-align: center !important; clear: both !important; } #pt-cv-view-00dfaf0d7j .pt-cv-title a, #pt-cv-view-00dfaf0d7j  .panel-title { font-weight: 600 !important; display: block !important; text-align: center !important; clear: both !important; } #pt-cv-view-00dfaf0d7j .pt-cv-readmore  { color: #ffffff !important; background-color: #00aeef !important; } #pt-cv-view-00dfaf0d7j .pt-cv-readmore:hover  { color: #ffffff !important; background-color: #00aeef !important; }<\/style>  \t\t\t    <div class=\"wp-block-image\"><figure class=\"aligncenter size-large is-resized\"><img loading=\"lazy\" decoding=\"async\" src=\"https:\/\/yogurt-machine.com\/wp-content\/uploads\/2019\/11\/blue-icon.png\" alt=\"\" class=\"wp-image-217\" width=\"40\" height=\"40\" title=\"\"><\/figure><\/div>    <h2 class=\"has-text-align-center wp-block-heading\" id=\"h-perfect-customer-service-that-we-can-provide\"><strong>Atendimento ao cliente perfeito que podemos oferecer<\/strong><\/h2>    <br>    <div class=\"ser\">    <div class=\"wp-block-columns top is-layout-flex wp-container-core-columns-is-layout-9d6595d7 wp-block-columns-is-layout-flex\"> <div class=\"wp-block-column img is-layout-flow wp-block-column-is-layout-flow\" style=\"flex-basis:25%\"> <figure class=\"wp-block-image size-large\"><img loading=\"lazy\" decoding=\"async\" width=\"720\" height=\"540\" src=\"https:\/\/yogurt-machine.com\/wp-content\/uploads\/2021\/06\/Plate-sterilizer-1.jpg\" alt=\"Esterilizador de placas\" class=\"wp-image-2107\" title=\"\"><figcaption>Esterilizador de placas<\/figcaption><\/figure> <\/div>    <div class=\"wp-block-column is-layout-flow wp-block-column-is-layout-flow\" style=\"flex-basis:50%\"> <div class=\"wp-block-columns is-layout-flex wp-container-core-columns-is-layout-9d6595d7 wp-block-columns-is-layout-flex\"> <div class=\"wp-block-column milk-top is-layout-flow wp-block-column-is-layout-flow\"> <div class=\"wp-block-image is-style-circle-mask\"><figure class=\"aligncenter size-large is-resized\"><img loading=\"lazy\" decoding=\"async\" src=\"https:\/\/yogurt-machine.com\/wp-content\/uploads\/2019\/11\/milk.jpg\" alt=\"\" class=\"wp-image-60\" width=\"100\" height=\"60\" title=\"\"><\/figure><\/div>    <p class=\"has-text-align-center\">Uma s\u00e9rie de equipamentos para refrigera\u00e7\u00e3o, pr\u00e9-aquecimento, homogeneiza\u00e7\u00e3o, esteriliza\u00e7\u00e3o, fermenta\u00e7\u00e3o e embalagem de leite de leite est\u00e1 dispon\u00edvel. <\/p> <\/div>    <div class=\"wp-block-column milk-top is-layout-flow wp-block-column-is-layout-flow\"> <div class=\"wp-block-image is-style-circle-mask\"><figure class=\"aligncenter size-large is-resized\"><img loading=\"lazy\" decoding=\"async\" src=\"https:\/\/yogurt-machine.com\/wp-content\/uploads\/2019\/11\/milk.jpg\" alt=\"\" class=\"wp-image-60\" width=\"100\" height=\"60\" title=\"\"><\/figure><\/div>    <p class=\"has-text-align-center\"> Podemos fornecer aos clientes m\u00e1quinas de iogurte com diversas capacidades de trabalho, como 200L\/D, 300L\/D, 500L\/D, 1000L\/D ou at\u00e9 mesmo uma produ\u00e7\u00e3o maior.<\/p> <\/div> <\/div> <\/div>    <div class=\"wp-block-column img is-layout-flow wp-block-column-is-layout-flow\" style=\"flex-basis:25%\"> <figure class=\"wp-block-image size-large\"><img loading=\"lazy\" decoding=\"async\" width=\"720\" height=\"540\" src=\"https:\/\/yogurt-machine.com\/wp-content\/uploads\/2021\/06\/Homogenizer-1.jpg\" alt=\"Homogeneizador\" class=\"wp-image-2109\" title=\"\"><figcaption>Homogeneizador<\/figcaption><\/figure> <\/div> <\/div>    <div class=\"wp-block-columns is-layout-flex wp-container-core-columns-is-layout-9d6595d7 wp-block-columns-is-layout-flex\"> <div class=\"wp-block-column milk is-layout-flow wp-block-column-is-layout-flow\" style=\"flex-basis:25%\"> <div class=\"wp-block-image is-style-circle-mask\"><figure class=\"aligncenter size-large is-resized\"><img loading=\"lazy\" decoding=\"async\" src=\"https:\/\/yogurt-machine.com\/wp-content\/uploads\/2019\/11\/milk.jpg\" alt=\"\" class=\"wp-image-60\" width=\"100\" height=\"60\" title=\"\"><\/figure><\/div>    <p class=\"has-text-align-left\">As m\u00e1quinas de processamento de iogurte Shuliy podem fazer esteriliza\u00e7\u00e3o e pasteuriza\u00e7\u00e3o em alta temperatura para fazer iogurte natural ou iogurte aromatizado.<\/p> <\/div>    <div class=\"wp-block-column is-layout-flow wp-block-column-is-layout-flow\" style=\"flex-basis:50%\"> <figure class=\"wp-block-image size-large\"><img loading=\"lazy\" decoding=\"async\" width=\"1130\" height=\"647\" src=\"https:\/\/yogurt-machine.com\/wp-content\/uploads\/2021\/06\/Shuliy-yogurt-processing-line-2.jpg\" alt=\"Linha de processamento de iogurte Shuliy\" class=\"wp-image-2098\" title=\"\" srcset=\"https:\/\/yogurt-machine.com\/wp-content\/uploads\/2021\/06\/Shuliy-yogurt-processing-line-2.jpg 1130w, https:\/\/yogurt-machine.com\/wp-content\/uploads\/2021\/06\/Shuliy-yogurt-processing-line-2-768x440.jpg 768w\" sizes=\"auto, (max-width: 1130px) 100vw, 1130px\" \/><figcaption>Linha de processamento de iogurte Shuliy<\/figcaption><\/figure> <\/div>    <div class=\"wp-block-column milk-right is-layout-flow wp-block-column-is-layout-flow\" style=\"flex-basis:25%\"> <div class=\"wp-block-image is-style-circle-mask\"><figure class=\"aligncenter size-large is-resized\"><img loading=\"lazy\" decoding=\"async\" src=\"https:\/\/yogurt-machine.com\/wp-content\/uploads\/2019\/11\/milk.jpg\" alt=\"\" class=\"wp-image-60\" width=\"100\" height=\"60\" title=\"\"><\/figure><\/div>    <p class=\"has-text-align-right\"> Podemos fornecer solu\u00e7\u00f5es como planejamento de projetos, design de local, configura\u00e7\u00e3o de linha de produ\u00e7\u00e3o, otimiza\u00e7\u00e3o de desempenho de equipamentos e otimiza\u00e7\u00e3o de economia de custos.&nbsp;<\/p> <\/div> <\/div>    <\/div>","protected":false},"excerpt":{"rendered":"","protected":false},"author":1,"featured_media":0,"parent":0,"menu_order":0,"comment_status":"closed","ping_status":"closed","template":"","meta":{"footnotes":""},"class_list":["post-31","page","type-page","status-publish"],"_links":{"self":[{"href":"https:\/\/yogurt-machine.com\/pt\/wp-json\/wp\/v2\/pages\/31","targetHints":{"allow":["GET"]}}],"collection":[{"href":"https:\/\/yogurt-machine.com\/pt\/wp-json\/wp\/v2\/pages"}],"about":[{"href":"https:\/\/yogurt-machine.com\/pt\/wp-json\/wp\/v2\/types\/page"}],"author":[{"embeddable":true,"href":"https:\/\/yogurt-machine.com\/pt\/wp-json\/wp\/v2\/users\/1"}],"replies":[{"embeddable":true,"href":"https:\/\/yogurt-machine.com\/pt\/wp-json\/wp\/v2\/comments?post=31"}],"version-history":[{"count":10,"href":"https:\/\/yogurt-machine.com\/pt\/wp-json\/wp\/v2\/pages\/31\/revisions"}],"predecessor-version":[{"id":2123,"href":"https:\/\/yogurt-machine.com\/pt\/wp-json\/wp\/v2\/pages\/31\/revisions\/2123"}],"wp:attachment":[{"href":"https:\/\/yogurt-machine.com\/pt\/wp-json\/wp\/v2\/media?parent=31"}],"curies":[{"name":"wp","href":"https:\/\/api.w.org\/{rel}","templated":true}]}}