{"id":16,"date":"2026-03-02T11:19:28","date_gmt":"2026-03-02T03:19:28","guid":{"rendered":"http:\/\/yogurt-machine.com\/?page_id=16"},"modified":"2026-04-13T09:19:04","modified_gmt":"2026-04-13T01:19:04","slug":"abous-us","status":"publish","type":"page","link":"https:\/\/yogurt-machine.com\/pt\/abous-us\/","title":{"rendered":"About Shuliy Machinery &#8211; Professional Yogurt Machine Manufacturer Since 2011"},"content":{"rendered":"<div class=\"wp-block-cover aligncenter is-light has-background-dim has-base-3-color has-text-color has-link-color wp-elements-f10d72ec3036d5a9a1599a9b5d94e619\"><img loading=\"lazy\" decoding=\"async\" width=\"2378\" height=\"591\" class=\"wp-block-cover__image-background wp-image-2159\" alt=\"\" src=\"https:\/\/yogurt-machine.com\/wp-content\/uploads\/2021\/06\/Standard-type-200l-canned-dairy-production-line-1.jpg\" data-object-fit=\"cover\" title=\"\" srcset=\"https:\/\/yogurt-machine.com\/wp-content\/uploads\/2021\/06\/Standard-type-200l-canned-dairy-production-line-1.jpg 2378w, https:\/\/yogurt-machine.com\/wp-content\/uploads\/2021\/06\/Standard-type-200l-canned-dairy-production-line-1-768x191.jpg 768w, https:\/\/yogurt-machine.com\/wp-content\/uploads\/2021\/06\/Standard-type-200l-canned-dairy-production-line-1-1536x382.jpg 1536w, https:\/\/yogurt-machine.com\/wp-content\/uploads\/2021\/06\/Standard-type-200l-canned-dairy-production-line-1-2048x509.jpg 2048w\" sizes=\"auto, (max-width: 2378px) 100vw, 2378px\" \/><span aria-hidden=\"true\" class=\"wp-block-cover__background has-contrast-background-color has-background-dim-40 has-background-dim\"><\/span><div class=\"wp-block-cover__inner-container is-layout-flow wp-block-cover-is-layout-flow\"> <h1 class=\"wp-block-heading has-text-align-center\">Sobre a Shuliy Machinery \u2013 O seu fabricante de m\u00e1quinas de iogurte de confian\u00e7a<\/h1>    <p class=\"has-text-align-center\">Mais de 15 anos de excel\u00eancia na fabrica\u00e7\u00e3o de linhas de produ\u00e7\u00e3o de iogurte | Atendendo mais de 50 pa\u00edses em todo o mundo<\/p> <\/div><\/div>    <div class=\"wp-block-columns is-layout-flex wp-container-core-columns-is-layout-9d6595d7 wp-block-columns-is-layout-flex\"> <div class=\"wp-block-column is-layout-flow wp-block-column-is-layout-flow\" style=\"flex-basis:50%\"> <h2 class=\"wp-block-heading\" id=\"h-company-overview\">\ud83c\udfe2 Vis\u00e3o Geral da Empresa<\/h2>    <p class=\"translation-block\"><strong>A Shuliy Machinery<\/strong> foi fundada em <strong>2011<\/strong> para fabricar m\u00e1quinas profissionais de iogurte e equipamentos de processamento de latic\u00ednios. Com mais de <strong>15 anos de inova\u00e7\u00e3o cont\u00ednua<\/strong> e desenvolvimento, crescemos de uma pequena oficina para um l\u00edder <strong>fabricante de m\u00e1quinas de iogurte<\/strong> na China, atendendo clientes em mais de 50 pa\u00edses em todo o mundo.<\/p>    <p class=\"translation-block\">A nossa empresa est\u00e1 localizada na <strong>Zona de Desenvolvimento Econ\u00f4mico de Zhengzhou, Prov\u00edncia de Henan, China<\/strong>, cobrindo uma \u00e1rea de 5.000 metros quadrados com instala\u00e7\u00f5es de produ\u00e7\u00e3o modernas e equipamentos avan\u00e7ados. Empregamos mais de 100 t\u00e9cnicos especializados, engenheiros e profissionais de vendas dedicados a fornecer solu\u00e7\u00f5es de produ\u00e7\u00e3o de iogurte de alta qualidade.<\/p> <\/div>    <div class=\"wp-block-column is-layout-flow wp-block-column-is-layout-flow\" style=\"flex-basis:50%\"> <h2 class=\"wp-block-heading\" id=\"h-quick-facts\">\ud83d\udcca Factos R\u00e1pidos<\/h2>    <ul class=\"wp-block-list\"> <li>\u2705 <strong>Fundada em:<\/strong> 2011 (15  anos de experi\u00eancia)<\/li>    <li>\u2705 <strong>Capacidade de Produ\u00e7\u00e3o:<\/strong> Mais de 500 linhas de produ\u00e7\u00e3o de iogurte por ano<\/li>    <li>\u2705 <strong>Pa\u00edses Atendidos:<\/strong> Mais de 50 pa\u00edses na \u00c1frica, \u00c1sia, M\u00e9dio Oriente, Am\u00e9ricas<\/li>    <li>\u2705 <strong>Tamanho da Equipa:<\/strong> Mais de 100 funcion\u00e1rios, incluindo mais de 20 engenheiros<\/li>    <li>\u2705 <strong>Certifica\u00e7\u00f5es:<\/strong> ISO 9001, CE, SGS, BV<\/li>    <li>\u2705 <strong>Tamanho da F\u00e1brica:<\/strong> 5.000 metros quadrados<\/li> <\/ul> <\/div> <\/div>    <figure class=\"wp-block-image size-large\"><img loading=\"lazy\" decoding=\"async\" width=\"1003\" height=\"559\" src=\"https:\/\/yogurt-machine.com\/wp-content\/uploads\/2021\/06\/Simple-200l-canned-dairy-productuon-line.jpg\" alt=\"Fabricante de linhas de produ\u00e7\u00e3o de iogurte em pequena escala\" class=\"wp-image-2160\" title=\"\" srcset=\"https:\/\/yogurt-machine.com\/wp-content\/uploads\/2021\/06\/Simple-200l-canned-dairy-productuon-line.jpg 1003w, https:\/\/yogurt-machine.com\/wp-content\/uploads\/2021\/06\/Simple-200l-canned-dairy-productuon-line-768x428.jpg 768w\" sizes=\"auto, (max-width: 1003px) 100vw, 1003px\" \/><figcaption class=\"wp-element-caption\">Linha de Produ\u00e7\u00e3o de Iogurte em Pequena Escala \u2013 Capacidade de 200L<\/figcaption><\/figure>    <h2 class=\"wp-block-heading\" id=\"h-our-story\">\ud83d\udcd6 Nossa Hist\u00f3ria: De Oficina Local a Fabricante Global<\/h2>    <p class=\"translation-block\">O que come\u00e7ou como uma pequena oficina em 2011 evoluiu para um dos mais respeitados <strong>fabricantes de m\u00e1quinas de iogurte<\/strong> na China. A nossa jornada come\u00e7ou com uma miss\u00e3o simples: tornar equipamentos de produ\u00e7\u00e3o de iogurte de alta qualidade acess\u00edveis a agricultores de latic\u00ednios e processadores de alimentos a pre\u00e7os acess\u00edveis.<\/p>    <p>Atrav\u00e9s de anos de pesquisa e inova\u00e7\u00e3o cont\u00ednuas, a nossa tecnologia de processamento de iogurte tornou-se cada vez mais madura. Investimos fortemente em P&amp;D, estabelecendo nossas pr\u00f3prias instala\u00e7\u00f5es de testes e formando parcerias com institui\u00e7\u00f5es l\u00edderes em ci\u00eancia de alimentos. Hoje, possu\u00edmos v\u00e1rias patentes e tecnologias propriet\u00e1rias em fermenta\u00e7\u00e3o de iogurte, pasteuriza\u00e7\u00e3o e automa\u00e7\u00e3o de linhas de produ\u00e7\u00e3o.<\/p>    <p class=\"translation-block\">A nossa expans\u00e3o internacional come\u00e7ou em 2015, quando export\u00e1mos a nossa primeira <a href=\"https:\/\/yogurt-machine.com\/pt\/yogurt-production-line-yogurt-machine\/\">linha de produ\u00e7\u00e3o de iogurte<\/a> para a Nig\u00e9ria. Desde ent\u00e3o, conclu\u00edmos com sucesso projetos no Sudeste Asi\u00e1tico, M\u00e9dio Oriente, \u00c1frica, Am\u00e9rica do Sul e Europa de Leste. Cada instala\u00e7\u00e3o bem-sucedida refor\u00e7ou a nossa reputa\u00e7\u00e3o de fiabilidade, qualidade e suporte p\u00f3s-venda excecional.<\/p>    <figure class=\"wp-block-image size-large\"><img loading=\"lazy\" decoding=\"async\" width=\"1003\" height=\"559\" src=\"https:\/\/yogurt-machine.com\/wp-content\/uploads\/2021\/06\/Composition-diagram.jpg\" alt=\"Diagrama de composi\u00e7\u00e3o da linha de produ\u00e7\u00e3o de iogurte\" class=\"wp-image-2161\" title=\"\" srcset=\"https:\/\/yogurt-machine.com\/wp-content\/uploads\/2021\/06\/Composition-diagram.jpg 1003w, https:\/\/yogurt-machine.com\/wp-content\/uploads\/2021\/06\/Composition-diagram-768x428.jpg 768w\" sizes=\"auto, (max-width: 1003px) 100vw, 1003px\" \/><figcaption class=\"wp-element-caption\">Diagrama Completo do Sistema de Produ\u00e7\u00e3o de Iogurte<\/figcaption><\/figure>    <h2 class=\"wp-block-heading\" id=\"h-what-we-offer\">\ud83c\udfaf O que oferecemos<\/h2>    <div class=\"wp-block-columns is-layout-flex wp-container-core-columns-is-layout-9d6595d7 wp-block-columns-is-layout-flex\"> <div class=\"wp-block-column is-layout-flow wp-block-column-is-layout-flow\"> <h3 class=\"wp-block-heading\" id=\"h-product-range\">Gama Completa de Produtos<\/h3>    <ul class=\"wp-block-list\"> <li>Linhas de Produ\u00e7\u00e3o de Iogurte (200L \u2013 5000L\/d)<\/li>    <li>M\u00e1quinas de Pasteuriza\u00e7\u00e3o de Leite<\/li>    <li>Tanques de Fermenta\u00e7\u00e3o de Iogurte<\/li>    <li>Homogeneizadores de leite<\/li>    <li>M\u00e1quinas de Enchimento e Embalagem de Iogurte<\/li>    <li>Sistemas de limpeza CIP<\/li>    <li>Filtros de Leite e Filtros Duplex<\/li> <\/ul> <\/div>    <div class=\"wp-block-column is-layout-flow wp-block-column-is-layout-flow\"> <h3 class=\"wp-block-heading\" id=\"h-custom-solutions\">Solu\u00e7\u00f5es Personalizadas<\/h3>    <ul class=\"wp-block-list\"> <li>Planeamento de Projetos e Estudos de Viabilidade<\/li>    <li>Design de Layout de F\u00e1brica<\/li>    <li>Configura\u00e7\u00e3o da Linha de Produ\u00e7\u00e3o<\/li>    <li>Otimiza\u00e7\u00e3o do Desempenho do Equipamento<\/li>    <li>Solu\u00e7\u00f5es para Economia de Custos<\/li>    <li>Personaliza\u00e7\u00e3o de Tens\u00e3o e Certifica\u00e7\u00e3o<\/li> <\/ul> <\/div> <\/div>    <h2 class=\"wp-block-heading\" id=\"h-achieved-certificates\">\ud83c\udfc6 Certificados e Honrarias Obtidos<\/h2>    <p>A qualidade e seguran\u00e7a est\u00e3o no centro de tudo o que fazemos. A Shuliy Machinery foi certificada por v\u00e1rias organiza\u00e7\u00f5es internacionais, garantindo que nossos equipamentos atendam aos mais altos padr\u00f5es:<\/p>    <ul class=\"wp-block-list\"> <li>\u2705 <strong>ISO 9001:2015<\/strong> \u2013 Certifica\u00e7\u00e3o do Sistema de Gest\u00e3o de Qualidade<\/li>    <li>\u2705 <strong>Certifica\u00e7\u00e3o CE<\/strong> \u2013 Conformidade com Normas de Seguran\u00e7a Europeias<\/li>    <li>\u2705 <strong>Inspe\u00e7\u00e3o SGS<\/strong> \u2013 Verifica\u00e7\u00e3o de Qualidade por Terceiros<\/li>    <li>\u2705 <strong>Certifica\u00e7\u00e3o BV<\/strong> \u2013 Garantia de Qualidade Bureau Veritas<\/li> <\/ul>    <p class=\"translation-block\">H\u00e1 mais de uma d\u00e9cada, seguimos o nosso princ\u00edpio de <em>\"Pesquisa para Inova\u00e7\u00e3o, Economia de Energia e Prote\u00e7\u00e3o Ambiental\"<\/em>, garantindo que fornecemos as melhores m\u00e1quinas e servi\u00e7os aos clientes em todo o mundo.<\/p>    <div class=\"wp-block-image\"><figure class=\"aligncenter size-large\"><img decoding=\"async\" src=\"http:\/\/yogurt-machine.com\/wp-content\/uploads\/2019\/11\/certificates-of-Shuliy-machinery.jpg\" alt=\"Shuliy machinery certificates ISO CE SGS BV\" class=\"wp-image-262\" title=\"\"><\/figure><\/div>    <h2 class=\"wp-block-heading\" id=\"h-global-market-presence\">\ud83c\udf0d Presen\u00e7a no Mercado Global<\/h2>    <p>Com a grande popularidade das nossas m\u00e1quinas de processamento de iogurte no mercado internacional, os nossos equipamentos foram instalados com sucesso e colocados em produ\u00e7\u00e3o em v\u00e1rios pa\u00edses. Os mercados mais recentes de maior venda incluem:<\/p>    <div class=\"wp-block-columns is-layout-flex wp-container-core-columns-is-layout-9d6595d7 wp-block-columns-is-layout-flex\"> <div class=\"wp-block-column is-layout-flow wp-block-column-is-layout-flow\"> <h3 class=\"wp-block-heading\" id=\"h-africa\">\u00c1frica<\/h3>    <ul class=\"wp-block-list\"> <li>\ud83c\uddf3\ud83c\uddec Nig\u00e9ria<\/li>    <li>\ud83c\uddf0\ud83c\uddea Qu\u00e9nia<\/li>    <li>\ud83c\uddf9\ud83c\uddff Tanz\u00e2nia<\/li>    <li>\ud83c\uddff\ud83c\udde6 \u00c1frica do Sul<\/li>    <li>\ud83c\uddf2\ud83c\uddff Mo\u00e7ambique<\/li> <\/ul> <\/div>    <div class=\"wp-block-column is-layout-flow wp-block-column-is-layout-flow\"> <h3 class=\"wp-block-heading\" id=\"h-asia\">\u00c1sia<\/h3>    <ul class=\"wp-block-list\"> <li>\ud83c\uddf2\ud83c\uddfe Mal\u00e1sia<\/li>    <li>\ud83c\uddfb\ud83c\uddf3 Vietname<\/li>    <li>\ud83c\uddf9\ud83c\udded Tail\u00e2ndia<\/li>    <li>\ud83c\uddf8\ud83c\udde6 Ar\u00e1bia Saudita<\/li>    <li>\ud83c\udde6\ud83c\uddea Emirados \u00c1rabes Unidos<\/li> <\/ul> <\/div>    <div class=\"wp-block-column is-layout-flow wp-block-column-is-layout-flow\"> <h3 class=\"wp-block-heading\" id=\"h-americas-europe\">Am\u00e9ricas &amp; Europa<\/h3>    <ul class=\"wp-block-list\"> <li>\ud83c\udde8\ud83c\uddf4 Col\u00f4mbia<\/li>    <li>\ud83c\uddfa\ud83c\uddf8 Estados Unidos<\/li>    <li>\ud83c\udde8\ud83c\uddff Rep\u00fablica Checa<\/li>    <li>\ud83c\uddf3\ud83c\uddff Nova Zel\u00e2ndia<\/li>    <li>\ud83c\uddeb\ud83c\uddf7 Fran\u00e7a<\/li> <\/ul> <\/div> <\/div>    <p class=\"translation-block\">Quer ver hist\u00f3rias de sucesso reais? Veja os nossos <a href=\"https:\/\/yogurt-machine.com\/pt\/200l-small-scale-yogurt-production-line-was-shipped-to-saudi\/\">casos de linhas de produ\u00e7\u00e3o de iogurte<\/a> de clientes em todo o mundo.<\/p>    <h2 class=\"wp-block-heading\" id=\"h-our-services\">\ud83d\udcbc Os nossos Servi\u00e7os Abrangentes<\/h2>    <div class=\"wp-block-columns is-layout-flex wp-container-core-columns-is-layout-9d6595d7 wp-block-columns-is-layout-flex\"> <div class=\"wp-block-column is-layout-flow wp-block-column-is-layout-flow\"> <h3 class=\"wp-block-heading\" id=\"h-pre-sales\">Servi\u00e7os Pr\u00e9-Venda<\/h3>    <ul class=\"wp-block-list\"> <li>Consulta gratuita e an\u00e1lise de necessidades<\/li>    <li>Estudo de Viabilidade de Investimento<\/li>    <li>Design de linha de produ\u00e7\u00e3o personalizada<\/li>    <li>Or\u00e7amento detalhado em 24 horas<\/li>    <li>Arranjo de visita \u00e0 f\u00e1brica<\/li> <\/ul> <\/div>    <div class=\"wp-block-column is-layout-flow wp-block-column-is-layout-flow\"> <h3 class=\"wp-block-heading\" id=\"h-during-sales\">Durante a Venda<\/h3>    <ul class=\"wp-block-list\"> <li>Atualiza\u00e7\u00f5es regulares de produ\u00e7\u00e3o<\/li>    <li>Relat\u00f3rios de inspe\u00e7\u00e3o de qualidade<\/li>    <li>V\u00eddeos de testes de equipamentos<\/li>    <li>Arranjo de Envio<\/li>    <li>Documenta\u00e7\u00e3o de exporta\u00e7\u00e3o<\/li> <\/ul> <\/div>    <div class=\"wp-block-column is-layout-flow wp-block-column-is-layout-flow\"> <h3 class=\"wp-block-heading\" id=\"h-after-sales\">Suporte P\u00f3s-Venda<\/h3>    <ul class=\"wp-block-list\"> <li>Desenhos de instala\u00e7\u00e3o e orienta\u00e7\u00f5es<\/li>    <li>Manuais e v\u00eddeos de opera\u00e7\u00e3o<\/li>    <li>Suporte na instala\u00e7\u00e3o no local (opcional)<\/li>    <li>Garantia de 12 meses<\/li>    <li>Suporte t\u00e9cnico vital\u00edcio<\/li> <\/ul> <\/div> <\/div>    <h2 class=\"wp-block-heading\" id=\"h-why-choose-shuliy\">\u2b50 Por que escolher a Shuliy Machinery?<\/h2>    <ul class=\"wp-block-list\"> <li>\u2705 <strong>Mais de 15 anos de experi\u00eancia na fabrica\u00e7\u00e3o<\/strong> Conhecimento profundo na produ\u00e7\u00e3o de m\u00e1quinas de iogurte<\/li>    <li>\u2705 <strong>Pre\u00e7os Diretos de F\u00e1brica:<\/strong> Sem intermedi\u00e1rios, melhor rela\u00e7\u00e3o qualidade\/pre\u00e7o para o seu investimento<\/li>    <li>\u2705 <strong>Solu\u00e7\u00f5es Personalizadas:<\/strong> Personalizado \u00e0s suas necessidades de capacidade, espa\u00e7o e or\u00e7amento<\/li>    <li>\u2705 <strong>Garantia de Qualidade:<\/strong> Certificado ISO, aprovado pela CE, controle de qualidade rigoroso<\/li>    <li>\u2705 <strong>Entrega R\u00e1pida:<\/strong> Equipamento padr\u00e3o pronto para envio em 15-20 dias<\/li>    <li>\u2705 <strong>Envio Global:<\/strong> Experi\u00eancia na exporta\u00e7\u00e3o para mais de 50 pa\u00edses<\/li>    <li>\u2705 <strong>Suporte 24\/7:<\/strong> Assist\u00eancia t\u00e9cnica 24 horas<\/li>    <li>\u2705 <strong>Disponibilidade de Pe\u00e7as de Reposi\u00e7\u00e3o:<\/strong> Garantia de fornecimento de pe\u00e7as a longo prazo<\/li> <\/ul>    <h2 class=\"wp-block-heading\" id=\"h-factory-visit\">\ud83c\udfed Bem-vindo \u00e0 Visitar Nossa F\u00e1brica<\/h2>    <p>Convidamos cordialmente a visitar a nossa f\u00e1brica e ver as nossas m\u00e1quinas de iogurte em a\u00e7\u00e3o. Durante a sua visita, voc\u00ea ir\u00e1:<\/p>    <ul class=\"wp-block-list\"> <li>\u2705 Inspecione a qualidade e o acabamento do equipamento pessoalmente<\/li>    <li>\u2705 Assista a demonstra\u00e7\u00f5es ao vivo e testes de equipamentos<\/li>    <li>\u2705 Conhe\u00e7a a nossa equipa de engenharia e discuta os seus requisitos<\/li>    <li>\u2705 Visite as nossas instala\u00e7\u00f5es de produ\u00e7\u00e3o e sistemas de controlo de qualidade<\/li>    <li>\u2705 Explore op\u00e7\u00f5es de personaliza\u00e7\u00e3o e recursos especiais<\/li>    <li>\u2705 Obtenha consulta no local com os nossos especialistas t\u00e9cnicos<\/li> <\/ul>    <p class=\"translation-block\"><strong>Endere\u00e7o da F\u00e1brica:<\/strong> Rua Nautical Leste, Zona de Desenvolvimento Econ\u00f4mico de Zhengzhou, Henan, China<br><strong>Aeroporto Mais Pr\u00f3ximo:<\/strong> Aeroporto Internacional de Zhengzhou Xinzheng (CGO) \u2013 30 minutos de carro<br><strong>Arranjo de Visita:<\/strong> Por favor, contacte-nos com pelo menos 3 dias de anteced\u00eancia para agendar a sua visita.<\/p>    <p>Os nossos consultores de vendas e t\u00e9cnicos fornecer\u00e3o detalhes completos das m\u00e1quinas (par\u00e2metros, manuais de instru\u00e7\u00f5es, v\u00eddeos de funcionamento e or\u00e7amentos), an\u00e1lise de viabilidade de investimento e solu\u00e7\u00f5es personalizadas.<\/p>    <div class=\"wp-block-image\"><figure class=\"aligncenter size-large\"><img loading=\"lazy\" decoding=\"async\" width=\"720\" height=\"491\" src=\"http:\/\/yogurt-machine.com\/wp-content\/uploads\/2019\/11\/Welcome-to-Shuliy-machinery.jpg\" alt=\"Welcome to Shuliy machinery factory visit\" class=\"wp-image-262\" title=\"\"><\/figure><\/div>    <h2 class=\"wp-block-heading\" id=\"h-start-your-yogurt-business\">\ud83d\ude80 Comece Hoje o Seu Neg\u00f3cio de Produ\u00e7\u00e3o de Iogurte<\/h2>    <p>Seja voc\u00ea um produtor de latic\u00ednios procurando diversificar sua renda, um empreendedor entrando na lucrativa ind\u00fastria de iogurte ou um processador de alimentos estabelecido expandindo sua linha de produtos, a Shuliy Machinery \u00e9 o seu parceiro ideal.<\/p>    <p>Com a nossa gama abrangente de produtos, solu\u00e7\u00f5es personalizadas e compromisso inabal\u00e1vel com a qualidade, ajudaremos a construir um neg\u00f3cio de produ\u00e7\u00e3o de iogurte bem-sucedido. Desde linhas pequenas de 200L\/d at\u00e9 plantas industriais de 5000L\/d, temos a experi\u00eancia e o equipamento para atender \u00e0s suas necessidades.<\/p>    <div class=\"wp-block-buttons is-layout-flex wp-block-buttons-is-layout-flex\"> <div class=\"wp-block-button\"><a class=\"wp-block-button__link wp-element-button\" href=\"https:\/\/yogurt-machine.com\/pt\/contact-us\/\">\ud83d\udcde Contacte-nos hoje<\/a><\/div>    <div class=\"wp-block-button\"><a class=\"wp-block-button__link wp-element-button\" href=\"https:\/\/yogurt-machine.com\/pt\/yogurt-production-line-yogurt-machine\/\">\ud83d\udd0d Ver Produtos<\/a><\/div>    <div class=\"wp-block-button\"><a class=\"wp-block-button__link wp-element-button\" href=\"https:\/\/wa.me\/8613838515872\" target=\"_blank\" rel=\"noopener\">\ud83d\udcac Chat no WhatsApp<\/a><\/div> <\/div>","protected":false},"excerpt":{"rendered":"<p>Shuliy Machinery is a professional yogurt machine manufacturer established in 2011. We specialize in yogurt production lines with 15+ years experience, serving 50+ countries worldwide.<\/p>","protected":false},"author":1,"featured_media":0,"parent":0,"menu_order":0,"comment_status":"closed","ping_status":"closed","template":"","meta":{"footnotes":""},"class_list":["post-16","page","type-page","status-publish"],"_links":{"self":[{"href":"https:\/\/yogurt-machine.com\/pt\/wp-json\/wp\/v2\/pages\/16","targetHints":{"allow":["GET"]}}],"collection":[{"href":"https:\/\/yogurt-machine.com\/pt\/wp-json\/wp\/v2\/pages"}],"about":[{"href":"https:\/\/yogurt-machine.com\/pt\/wp-json\/wp\/v2\/types\/page"}],"author":[{"embeddable":true,"href":"https:\/\/yogurt-machine.com\/pt\/wp-json\/wp\/v2\/users\/1"}],"replies":[{"embeddable":true,"href":"https:\/\/yogurt-machine.com\/pt\/wp-json\/wp\/v2\/comments?post=16"}],"version-history":[{"count":8,"href":"https:\/\/yogurt-machine.com\/pt\/wp-json\/wp\/v2\/pages\/16\/revisions"}],"predecessor-version":[{"id":17043,"href":"https:\/\/yogurt-machine.com\/pt\/wp-json\/wp\/v2\/pages\/16\/revisions\/17043"}],"wp:attachment":[{"href":"https:\/\/yogurt-machine.com\/pt\/wp-json\/wp\/v2\/media?parent=16"}],"curies":[{"name":"wp","href":"https:\/\/api.w.org\/{rel}","templated":true}]}}