{"id":31,"date":"2019-11-20T09:04:01","date_gmt":"2019-11-20T09:04:01","guid":{"rendered":"http:\/\/yogurt-machine.com\/?page_id=31"},"modified":"2021-06-19T11:51:42","modified_gmt":"2021-06-19T03:51:42","slug":"yogurt-machine","status":"publish","type":"page","link":"https:\/\/yogurt-machine.com\/fr\/","title":{"rendered":"Bienvenue chez Shuliy Yaourt Machinery"},"content":{"rendered":"<div class=\"wp-block-columns intro is-layout-flex wp-container-core-columns-is-layout-9d6595d7 wp-block-columns-is-layout-flex\"> <div class=\"wp-block-column is-layout-flow wp-block-column-is-layout-flow\"> <figure class=\"wp-block-image size-large\"><img loading=\"lazy\" decoding=\"async\" width=\"536\" height=\"409\" src=\"https:\/\/yogurt-machine.com\/wp-content\/uploads\/2021\/06\/Shuliy-yogurt-processing-line-3.jpg\" alt=\"Ligne de transformation de yaourt Shuliy\" class=\"wp-image-2103\" title=\"\"><\/figure> <\/div>    <div class=\"wp-block-column right is-layout-flow wp-block-column-is-layout-flow\"> <h2 class=\"has-text-align-center wp-block-heading\" id=\"h-why-choose-us\"><strong>Pourquoi nous choisir<\/strong><\/h2>    <p class=\"has-text-align-left\">Shuliy Machinery est cr\u00e9\u00e9e pour fabriquer des machines \u00e0 yaourt en 2011 avec un grand nombre de techniciens et d'experts. Gr\u00e2ce \u00e0 des ann\u00e9es de recherche et d'innovation continues, notre technologie de traitement du yaourt est tr\u00e8s mature, et nous sommes devenus une entreprise professionnelle disposant de droits de propri\u00e9t\u00e9 intellectuelle ind\u00e9pendants et de technologies de base dans l'industrie. Nous avons \u00e9galement mis en place un syst\u00e8me de fabrication et de vente qui nous permet de fournir rapidement \u00e0 nos clients des produits et des services complets, raisonnables, de haute qualit\u00e9 et efficaces.<\/p> <\/div> <\/div>    <br>    <div class=\"wp-block-image\"><figure class=\"aligncenter size-large is-resized\"><img loading=\"lazy\" decoding=\"async\" src=\"https:\/\/yogurt-machine.com\/wp-content\/uploads\/2019\/11\/blue-icon.png\" alt=\"\" class=\"wp-image-217\" width=\"40\" height=\"40\" title=\"\"><\/figure><\/div>    <h2 class=\"has-text-align-center wp-block-heading\" id=\"h-professional-yogurt-processing-crafts-and-equipment\"><strong>Artisanat et \u00e9quipement de traitement professionnel du yaourt<\/strong><\/h2>    <br>    <div class=\"wp-block-columns yogurt is-layout-flex wp-container-core-columns-is-layout-9d6595d7 wp-block-columns-is-layout-flex\"> <div class=\"wp-block-column is-layout-flow wp-block-column-is-layout-flow\" style=\"flex-basis:25%\"> <p class=\"has-text-align-right top-left\"> Au fil des ann\u00e9es, les machines de traitement du yaourt de Shuliy ont form\u00e9 un syst\u00e8me complet de production d'\u00e9quipements. <\/p>    <p class=\"has-text-align-right bottom-left\"> Les principaux \u00e9quipements couvrent la conservation \u00e0 froid du lait frais, le pr\u00e9chauffage et l'homog\u00e9n\u00e9isation du lait, la st\u00e9rilisation du lait, la fermentation du yaourt et l'emballage en lots, le syst\u00e8me de nettoyage CIP, la machine de st\u00e9rilisation \u00e0 haute temp\u00e9rature et la machine de pasteurisation, etc. <\/p> <\/div>    <div class=\"wp-block-column is-layout-flow wp-block-column-is-layout-flow\" style=\"flex-basis:50%\"> <div class=\"wp-block-image\"><figure class=\"aligncenter size-large\"><img loading=\"lazy\" decoding=\"async\" width=\"800\" height=\"533\" src=\"https:\/\/yogurt-machine.com\/wp-content\/uploads\/2019\/12\/yobg.jpg\" alt=\"\" class=\"wp-image-446\" title=\"\" srcset=\"https:\/\/yogurt-machine.com\/wp-content\/uploads\/2019\/12\/yobg.jpg 800w, https:\/\/yogurt-machine.com\/wp-content\/uploads\/2019\/12\/yobg-768x512.jpg 768w\" sizes=\"auto, (max-width: 800px) 100vw, 800px\" \/><\/figure><\/div> <\/div>    <div class=\"wp-block-column is-layout-flow wp-block-column-is-layout-flow\" style=\"flex-basis:25%\"> <p class=\"has-text-align-left top-right\"> Avec la grande popularit\u00e9 de nos machines de traitement du yaourt sur le march\u00e9 international, nos machines ont \u00e9t\u00e9 install\u00e9es et mises en production de yaourt dans de nombreux pays.  <\/p>    <p class=\"bottom-right\"> Les march\u00e9s r\u00e9cemment les plus vendus sont les suivants : Nig\u00e9ria, Afrique du Sud, Malaisie, France, \u00c9mirats arabes unis, Nouvelle-Z\u00e9lande, Colombie, Mongolie, \u00c9tats-Unis, Mozambique, Tanzanie, R\u00e9publique tch\u00e8que, etc.<\/p> <\/div> <\/div>    <br>    <div class=\"wp-block-image\"><figure class=\"aligncenter size-large is-resized\"><img loading=\"lazy\" decoding=\"async\" src=\"https:\/\/yogurt-machine.com\/wp-content\/uploads\/2019\/11\/blue-icon.png\" alt=\"\" class=\"wp-image-217\" width=\"40\" height=\"40\" title=\"\"><\/figure><\/div>    <h2 class=\"has-text-align-center wp-block-heading\" id=\"h-our-products\"><strong>Nos produits<\/strong><\/h2>    <div class=\"pt-cv-wrapper\"><div class=\"pt-cv-view pt-cv-grid pt-cv-colsys\" id=\"pt-cv-view-00dfaf0d7j\"><div data-id=\"pt-cv-page-1\" class=\"pt-cv-page\" data-cvc=\"2\"><div class=\"col-md-6 col-sm-6 col-xs-12 pt-cv-content-item pt-cv-1-col\"  data-pid=\"376\"><div class='pt-cv-ifield'><a href=\"https:\/\/yogurt-machine.com\/fr\/ligne-de-production-de-yaourt-machine-a-yaourt\/\" class=\"_self pt-cv-href-thumbnail pt-cv-thumb-default cvplbd\" target=\"_self\" ><img loading=\"lazy\" decoding=\"async\" width=\"540\" height=\"540\" src=\"https:\/\/yogurt-machine.com\/wp-content\/uploads\/2026\/03\/yogurt-production-line.webp\" class=\"pt-cv-thumbnail img-none\" alt=\"ligne de production de yaourt\" srcset=\"https:\/\/yogurt-machine.com\/wp-content\/uploads\/2026\/03\/yogurt-production-line.webp 540w, https:\/\/yogurt-machine.com\/wp-content\/uploads\/2026\/03\/yogurt-production-line-12x12.webp 12w\" sizes=\"auto, (max-width: 540px) 100vw, 540px\" title=\"\"><\/a> <h4 class=\"pt-cv-title\"><a href=\"https:\/\/yogurt-machine.com\/fr\/ligne-de-production-de-yaourt-machine-a-yaourt\/\" class=\"_self cvplbd\" target=\"_self\" >Ligne de production de yaourt | Machine \u00e0 yaourt commerciale 200L-5000L | Shuliy<\/a><\/h4><\/div><\/div> <div class=\"col-md-6 col-sm-6 col-xs-12 pt-cv-content-item pt-cv-1-col\"  data-pid=\"503\"><div class='pt-cv-ifield'><a href=\"https:\/\/yogurt-machine.com\/fr\/machine-de-remplissage-automatique-de-yaourt-machine-demballage\/\" class=\"_self pt-cv-href-thumbnail pt-cv-thumb-default cvplbd\" target=\"_self\" ><img loading=\"lazy\" decoding=\"async\" width=\"540\" height=\"540\" src=\"https:\/\/yogurt-machine.com\/wp-content\/uploads\/2019\/12\/Automatic-Yogurt-Filling-Machine-1.jpg\" class=\"pt-cv-thumbnail img-none\" alt=\"Machine de remplissage automatique de yaourt\" title=\"\"><\/a> <h4 class=\"pt-cv-title\"><a href=\"https:\/\/yogurt-machine.com\/fr\/machine-de-remplissage-automatique-de-yaourt-machine-demballage\/\" class=\"_self cvplbd\" target=\"_self\" >Machine automatique de remplissage de yaourt | Machine d'emballage<\/a><\/h4><\/div><\/div><\/div><\/div><\/div>\t\t\t<style type=\"text\/css\" id=\"pt-cv-inline-style-f1ed933y5b\">#pt-cv-view-00dfaf0d7j  .pt-cv-ifield   { background-color: #ffffff !important; } #pt-cv-view-00dfaf0d7j .pt-cv-href-thumbnail  { margin-left: auto !important; margin-right: auto !important; display: block !important; text-align: center !important; clear: both !important; } #pt-cv-view-00dfaf0d7j .pt-cv-title a, #pt-cv-view-00dfaf0d7j  .panel-title { font-weight: 600 !important; display: block !important; text-align: center !important; clear: both !important; } #pt-cv-view-00dfaf0d7j .pt-cv-readmore  { color: #ffffff !important; background-color: #00aeef !important; } #pt-cv-view-00dfaf0d7j .pt-cv-readmore:hover  { color: #ffffff !important; background-color: #00aeef !important; }<\/style>  \t\t\t    <div class=\"wp-block-image\"><figure class=\"aligncenter size-large is-resized\"><img loading=\"lazy\" decoding=\"async\" src=\"https:\/\/yogurt-machine.com\/wp-content\/uploads\/2019\/11\/blue-icon.png\" alt=\"\" class=\"wp-image-217\" width=\"40\" height=\"40\" title=\"\"><\/figure><\/div>    <h2 class=\"has-text-align-center wp-block-heading\" id=\"h-perfect-customer-service-that-we-can-provide\"><strong>Service client\u00e8le parfait que nous pouvons fournir<\/strong><\/h2>    <br>    <div class=\"ser\">    <div class=\"wp-block-columns top is-layout-flex wp-container-core-columns-is-layout-9d6595d7 wp-block-columns-is-layout-flex\"> <div class=\"wp-block-column img is-layout-flow wp-block-column-is-layout-flow\" style=\"flex-basis:25%\"> <figure class=\"wp-block-image size-large\"><img loading=\"lazy\" decoding=\"async\" width=\"720\" height=\"540\" src=\"https:\/\/yogurt-machine.com\/wp-content\/uploads\/2021\/06\/Plate-sterilizer-1.jpg\" alt=\"St\u00e9rilisateur \u00e0 plaques\" class=\"wp-image-2107\" title=\"\"><figcaption>St\u00e9rilisateur \u00e0 plaque<\/figcaption><\/figure> <\/div>    <div class=\"wp-block-column is-layout-flow wp-block-column-is-layout-flow\" style=\"flex-basis:50%\"> <div class=\"wp-block-columns is-layout-flex wp-container-core-columns-is-layout-9d6595d7 wp-block-columns-is-layout-flex\"> <div class=\"wp-block-column milk-top is-layout-flow wp-block-column-is-layout-flow\"> <div class=\"wp-block-image is-style-circle-mask\"><figure class=\"aligncenter size-large is-resized\"><img loading=\"lazy\" decoding=\"async\" src=\"https:\/\/yogurt-machine.com\/wp-content\/uploads\/2019\/11\/milk.jpg\" alt=\"\" class=\"wp-image-60\" width=\"100\" height=\"60\" title=\"\"><\/figure><\/div>    <p class=\"has-text-align-center\">Une s\u00e9rie d'\u00e9quipements de conservation \u00e0 froid, de pr\u00e9chauffage, d'homog\u00e9n\u00e9isation, de st\u00e9rilisation, de fermentation et d'emballage en lots de lait est disponible. <\/p> <\/div>    <div class=\"wp-block-column milk-top is-layout-flow wp-block-column-is-layout-flow\"> <div class=\"wp-block-image is-style-circle-mask\"><figure class=\"aligncenter size-large is-resized\"><img loading=\"lazy\" decoding=\"async\" src=\"https:\/\/yogurt-machine.com\/wp-content\/uploads\/2019\/11\/milk.jpg\" alt=\"\" class=\"wp-image-60\" width=\"100\" height=\"60\" title=\"\"><\/figure><\/div>    <p class=\"has-text-align-center\"> Nous pouvons fournir aux clients des machines \u00e0 yaourt avec diverses capacit\u00e9s de travail, telles que 200L\/jour, 300L\/jour, 500L\/jour, 1000L\/jour ou m\u00eame une production plus importante.<\/p> <\/div> <\/div> <\/div>    <div class=\"wp-block-column img is-layout-flow wp-block-column-is-layout-flow\" style=\"flex-basis:25%\"> <figure class=\"wp-block-image size-large\"><img loading=\"lazy\" decoding=\"async\" width=\"720\" height=\"540\" src=\"https:\/\/yogurt-machine.com\/wp-content\/uploads\/2021\/06\/Homogenizer-1.jpg\" alt=\"Homog\u00e9n\u00e9isateur\" class=\"wp-image-2109\" title=\"\"><figcaption>Homog\u00e9n\u00e9isateur<\/figcaption><\/figure> <\/div> <\/div>    <div class=\"wp-block-columns is-layout-flex wp-container-core-columns-is-layout-9d6595d7 wp-block-columns-is-layout-flex\"> <div class=\"wp-block-column milk is-layout-flow wp-block-column-is-layout-flow\" style=\"flex-basis:25%\"> <div class=\"wp-block-image is-style-circle-mask\"><figure class=\"aligncenter size-large is-resized\"><img loading=\"lazy\" decoding=\"async\" src=\"https:\/\/yogurt-machine.com\/wp-content\/uploads\/2019\/11\/milk.jpg\" alt=\"\" class=\"wp-image-60\" width=\"100\" height=\"60\" title=\"\"><\/figure><\/div>    <p class=\"has-text-align-left\">Les machines de traitement du yaourt de Shuliy peuvent r\u00e9aliser \u00e0 la fois la st\u00e9rilisation \u00e0 haute temp\u00e9rature et la pasteurisation pour fabriquer du yaourt nature ou du yaourt aromatis\u00e9.<\/p> <\/div>    <div class=\"wp-block-column is-layout-flow wp-block-column-is-layout-flow\" style=\"flex-basis:50%\"> <figure class=\"wp-block-image size-large\"><img loading=\"lazy\" decoding=\"async\" width=\"1130\" height=\"647\" src=\"https:\/\/yogurt-machine.com\/wp-content\/uploads\/2021\/06\/Shuliy-yogurt-processing-line-2.jpg\" alt=\"Ligne de transformation du yaourt Shuliy\" class=\"wp-image-2098\" title=\"\" srcset=\"https:\/\/yogurt-machine.com\/wp-content\/uploads\/2021\/06\/Shuliy-yogurt-processing-line-2.jpg 1130w, https:\/\/yogurt-machine.com\/wp-content\/uploads\/2021\/06\/Shuliy-yogurt-processing-line-2-768x440.jpg 768w\" sizes=\"auto, (max-width: 1130px) 100vw, 1130px\" \/><figcaption>Ligne de traitement du yaourt Shuliy<\/figcaption><\/figure> <\/div>    <div class=\"wp-block-column milk-right is-layout-flow wp-block-column-is-layout-flow\" style=\"flex-basis:25%\"> <div class=\"wp-block-image is-style-circle-mask\"><figure class=\"aligncenter size-large is-resized\"><img loading=\"lazy\" decoding=\"async\" src=\"https:\/\/yogurt-machine.com\/wp-content\/uploads\/2019\/11\/milk.jpg\" alt=\"\" class=\"wp-image-60\" width=\"100\" height=\"60\" title=\"\"><\/figure><\/div>    <p class=\"has-text-align-right\"> Nous pouvons fournir des solutions telles que la planification de projets, la conception de sites, la configuration de lignes de production, l'optimisation des performances des \u00e9quipements et l'optimisation de la r\u00e9duction des co\u00fbts.&nbsp;<\/p> <\/div> <\/div>    <\/div>","protected":false},"excerpt":{"rendered":"","protected":false},"author":1,"featured_media":0,"parent":0,"menu_order":0,"comment_status":"closed","ping_status":"closed","template":"","meta":{"footnotes":""},"class_list":["post-31","page","type-page","status-publish"],"_links":{"self":[{"href":"https:\/\/yogurt-machine.com\/fr\/wp-json\/wp\/v2\/pages\/31","targetHints":{"allow":["GET"]}}],"collection":[{"href":"https:\/\/yogurt-machine.com\/fr\/wp-json\/wp\/v2\/pages"}],"about":[{"href":"https:\/\/yogurt-machine.com\/fr\/wp-json\/wp\/v2\/types\/page"}],"author":[{"embeddable":true,"href":"https:\/\/yogurt-machine.com\/fr\/wp-json\/wp\/v2\/users\/1"}],"replies":[{"embeddable":true,"href":"https:\/\/yogurt-machine.com\/fr\/wp-json\/wp\/v2\/comments?post=31"}],"version-history":[{"count":10,"href":"https:\/\/yogurt-machine.com\/fr\/wp-json\/wp\/v2\/pages\/31\/revisions"}],"predecessor-version":[{"id":2123,"href":"https:\/\/yogurt-machine.com\/fr\/wp-json\/wp\/v2\/pages\/31\/revisions\/2123"}],"wp:attachment":[{"href":"https:\/\/yogurt-machine.com\/fr\/wp-json\/wp\/v2\/media?parent=31"}],"curies":[{"name":"wp","href":"https:\/\/api.w.org\/{rel}","templated":true}]}}