{"id":16,"date":"2026-03-02T11:19:28","date_gmt":"2026-03-02T03:19:28","guid":{"rendered":"http:\/\/yogurt-machine.com\/?page_id=16"},"modified":"2026-03-02T11:23:20","modified_gmt":"2026-03-02T03:23:20","slug":"abous-us","status":"publish","type":"page","link":"https:\/\/yogurt-machine.com\/fr\/a-propos-de-nous\/","title":{"rendered":"About Shuliy Machinery &#8211; Professional Yogurt Machine Manufacturer Since 2011"},"content":{"rendered":"<div class=\"wp-block-cover aligncenter has-background-dim\"><img loading=\"lazy\" decoding=\"async\" width=\"2378\" height=\"591\" class=\"wp-block-cover__image-background wp-image-2159\" alt=\"\" src=\"https:\/\/yogurt-machine.com\/wp-content\/uploads\/2021\/06\/Standard-type-200l-canned-dairy-production-line-1.jpg\" data-object-fit=\"cover\" title=\"\" srcset=\"https:\/\/yogurt-machine.com\/wp-content\/uploads\/2021\/06\/Standard-type-200l-canned-dairy-production-line-1.jpg 2378w, https:\/\/yogurt-machine.com\/wp-content\/uploads\/2021\/06\/Standard-type-200l-canned-dairy-production-line-1-768x191.jpg 768w, https:\/\/yogurt-machine.com\/wp-content\/uploads\/2021\/06\/Standard-type-200l-canned-dairy-production-line-1-1536x382.jpg 1536w, https:\/\/yogurt-machine.com\/wp-content\/uploads\/2021\/06\/Standard-type-200l-canned-dairy-production-line-1-2048x509.jpg 2048w\" sizes=\"auto, (max-width: 2378px) 100vw, 2378px\" \/><span aria-hidden=\"true\" class=\"wp-block-cover__background has-background-dim-60 has-background-dim\"><\/span><div class=\"wp-block-cover__inner-container is-layout-flow wp-block-cover-is-layout-flow\"> <h1 class=\"wp-block-heading has-text-align-center\">\u00c0 propos de Shuliy Machinery \u2013 Votre fabricant de machines \u00e0 yaourt de confiance<\/h1>    <p class=\"has-text-align-center\">15  ann\u00e9es d'excellence dans la fabrication de lignes de production de yaourt | Service dans plus de 50 pays \u00e0 travers le monde<\/p> <\/div><\/div>    <div class=\"wp-block-columns is-layout-flex wp-container-core-columns-is-layout-9d6595d7 wp-block-columns-is-layout-flex\"> <div class=\"wp-block-column is-layout-flow wp-block-column-is-layout-flow\" style=\"flex-basis:50%\"> <h2 class=\"wp-block-heading\" id=\"h-company-overview\">\ud83c\udfe2 Aper\u00e7u de l'entreprise<\/h2>    <p class=\"translation-block\"><strong>Shuliy Machinery<\/strong> a \u00e9t\u00e9 fond\u00e9e en <strong>2011<\/strong> pour la fabrication de machines \u00e0 yaourt professionnelles et d'\u00e9quipements de transformation laiti\u00e8re. Avec plus de <strong>15 ans d'innovation et de d\u00e9veloppement continu<\/strong>, nous sommes pass\u00e9s d'un petit atelier \u00e0 un fabricant <strong>de machines \u00e0 yaourt<\/strong> de premier plan en Chine, desservant plus de 50 pays dans le monde.<\/p>    <p class=\"translation-block\">Notre soci\u00e9t\u00e9 est situ\u00e9e dans <strong>Zone de d\u00e9veloppement \u00e9conomique de Zhengzhou, province du Henan, Chine<\/strong>, couvrant une superficie de 5 000 m\u00e8tres carr\u00e9s avec des installations de production modernes et un \u00e9quipement de fabrication avanc\u00e9. Nous employons plus de 100 techniciens qualifi\u00e9s, ing\u00e9nieurs et professionnels de la vente d\u00e9di\u00e9s \u00e0 fournir des solutions de production de yaourt de la plus haute qualit\u00e9.<\/p> <\/div>    <div class=\"wp-block-column is-layout-flow wp-block-column-is-layout-flow\" style=\"flex-basis:50%\"> <h2 class=\"wp-block-heading\" id=\"h-quick-facts\">\ud83d\udcca Faits rapides<\/h2>    <ul class=\"wp-block-list\"> <li>\u2705 <strong>Fondation :<\/strong> 2011 (15  ann\u00e9es d'exp\u00e9rience)<\/li>    <li>\u2705 <strong>Capacit\u00e9 de production :<\/strong> Plus de 500 lignes de production de yaourt par an<\/li>    <li>\u2705 <strong>Pays desservis :<\/strong> Plus de 50 dans toute l'Afrique, l'Asie, le Moyen-Orient, les Am\u00e9riques<\/li>    <li>\u2705 <strong>Taille de l'\u00e9quipe :<\/strong> Plus de 100 employ\u00e9s, dont 20  ing\u00e9nieurs<\/li>    <li>\u2705 <strong>Certifications :<\/strong> ISO 9001, CE, SGS, BV<\/li>    <li>\u2705 <strong>Taille de l'usine :<\/strong> 5 000 m\u00e8tres carr\u00e9s<\/li> <\/ul> <\/div> <\/div>    <figure class=\"wp-block-image size-large\"><img loading=\"lazy\" decoding=\"async\" width=\"1003\" height=\"559\" src=\"https:\/\/yogurt-machine.com\/wp-content\/uploads\/2021\/06\/Simple-200l-canned-dairy-productuon-line.jpg\" alt=\"Fabricant de lignes de production de yaourt \u00e0 petite \u00e9chelle\" class=\"wp-image-2160\" title=\"\" srcset=\"https:\/\/yogurt-machine.com\/wp-content\/uploads\/2021\/06\/Simple-200l-canned-dairy-productuon-line.jpg 1003w, https:\/\/yogurt-machine.com\/wp-content\/uploads\/2021\/06\/Simple-200l-canned-dairy-productuon-line-768x428.jpg 768w\" sizes=\"auto, (max-width: 1003px) 100vw, 1003px\" \/><figcaption class=\"wp-element-caption\">Ligne de production de yaourt \u00e0 petite \u00e9chelle \u2013 capacit\u00e9 de 200L<\/figcaption><\/figure>    <h2 class=\"wp-block-heading\" id=\"h-our-story\">\ud83d\udcd6 Notre histoire : De l'atelier local au fabricant mondial<\/h2>    <p class=\"translation-block\">Ce qui a commenc\u00e9 comme un petit atelier en 2011 est devenu l'un des fabricants de machines \u00e0 yaourt les plus respect\u00e9s en Chine. Notre parcours a d\u00e9but\u00e9 avec une mission simple : rendre les \u00e9quipements de production de yaourt de haute qualit\u00e9 accessibles aux producteurs laitiers et transformateurs alimentaires \u00e0 des prix abordables.<\/p>    <p>Gr\u00e2ce \u00e0 des ann\u00e9es de recherche et d'innovation continues, notre technologie de traitement du yaourt est devenue de plus en plus mature. Nous avons investi massivement dans la R&amp;D, en \u00e9tablissant nos propres installations de test et en collaborant avec des institutions de science alimentaire de premier plan. Aujourd'hui, nous d\u00e9tenons plusieurs brevets et technologies propri\u00e9taires en fermentation du yaourt, pasteurisation et automatisation de la ligne de production.<\/p>    <p class=\"translation-block\">Notre expansion internationale a commenc\u00e9 en 2015 lorsque nous avons export\u00e9 notre premi\u00e8re <a href=\"https:\/\/yogurt-machine.com\/fr\/ligne-de-production-de-yaourt-machine-a-yaourt\/\">ligne de production de yaourt<\/a> au Nigeria. Depuis, nous avons r\u00e9alis\u00e9 avec succ\u00e8s des projets en Asie du Sud-Est, au Moyen-Orient, en Afrique, en Am\u00e9rique du Sud et en Europe de l'Est. Chaque installation r\u00e9ussie a renforc\u00e9 notre r\u00e9putation de fiabilit\u00e9, de qualit\u00e9 et de support apr\u00e8s-vente exceptionnel.<\/p>    <figure class=\"wp-block-image size-large\"><img loading=\"lazy\" decoding=\"async\" width=\"1003\" height=\"559\" src=\"https:\/\/yogurt-machine.com\/wp-content\/uploads\/2021\/06\/Composition-diagram.jpg\" alt=\"Diagramme de composition de la ligne de production de yaourt\" class=\"wp-image-2161\" title=\"\" srcset=\"https:\/\/yogurt-machine.com\/wp-content\/uploads\/2021\/06\/Composition-diagram.jpg 1003w, https:\/\/yogurt-machine.com\/wp-content\/uploads\/2021\/06\/Composition-diagram-768x428.jpg 768w\" sizes=\"auto, (max-width: 1003px) 100vw, 1003px\" \/><figcaption class=\"wp-element-caption\">Sch\u00e9ma du syst\u00e8me complet de ligne de production de yaourt<\/figcaption><\/figure>    <h2 class=\"wp-block-heading\" id=\"h-what-we-offer\">\ud83c\udfaf Ce que nous proposons<\/h2>    <div class=\"wp-block-columns is-layout-flex wp-container-core-columns-is-layout-9d6595d7 wp-block-columns-is-layout-flex\"> <div class=\"wp-block-column is-layout-flow wp-block-column-is-layout-flow\"> <h3 class=\"wp-block-heading\" id=\"h-product-range\">Gamme compl\u00e8te de produits<\/h3>    <ul class=\"wp-block-list\"> <li>Lignes de production de yaourt (200L \u2013 5000L\/j)<\/li>    <li>Machines de pasteurisation du lait<\/li>    <li>R\u00e9servoirs de fermentation du yaourt<\/li>    <li>Homog\u00e9n\u00e9iseurs de lait<\/li>    <li>Machines de remplissage et d'emballage du yaourt<\/li>    <li>Syst\u00e8mes de nettoyage CIP<\/li>    <li>Filtres \u00e0 lait &amp; filtres duplex<\/li> <\/ul> <\/div>    <div class=\"wp-block-column is-layout-flow wp-block-column-is-layout-flow\"> <h3 class=\"wp-block-heading\" id=\"h-custom-solutions\">Solutions personnalis\u00e9es<\/h3>    <ul class=\"wp-block-list\"> <li>\u00c9tudes de planification et de faisabilit\u00e9 du projet<\/li>    <li>Conception de l'am\u00e9nagement de l'usine<\/li>    <li>Configuration de la ligne de production<\/li>    <li>Optimisation des performances de l'\u00e9quipement<\/li>    <li>Solutions \u00e9conomiques<\/li>    <li>Personnalisation de la tension et de la certification<\/li> <\/ul> <\/div> <\/div>    <h2 class=\"wp-block-heading\" id=\"h-achieved-certificates\">\ud83c\udfc6 Certificats et distinctions obtenus<\/h2>    <p>La qualit\u00e9 et la s\u00e9curit\u00e9 sont au c\u0153ur de toutes nos activit\u00e9s. Shuliy Machinery a \u00e9t\u00e9 certifi\u00e9e par plusieurs organisations internationales, garantissant que nos \u00e9quipements respectent les normes les plus strictes :<\/p>    <ul class=\"wp-block-list\"> <li>\u2705 <strong>ISO 9001:2015<\/strong> \u2013 Certification du syst\u00e8me de gestion de la qualit\u00e9<\/li>    <li>\u2705 <strong>Certification CE<\/strong> \u2013 Conformit\u00e9 aux normes de s\u00e9curit\u00e9 europ\u00e9ennes<\/li>    <li>\u2705 <strong>Inspection SGS<\/strong> \u2013 V\u00e9rification de la qualit\u00e9 par un tiers<\/li>    <li>\u2705 <strong>Certification BV<\/strong> \u2013 Assurance qualit\u00e9 Bureau Veritas<\/li> <\/ul>    <p class=\"translation-block\">Depuis plus d'une d\u00e9cennie, nous adh\u00e9rons \u00e0 notre principe de <em>\u00ab Recherche \u00e0 l'Innovation, \u00c9conomie d'\u00e9nergie et Protection de l'environnement \u00bb<\/em>, garantissant que nous fournissons les meilleures machines et services aux clients du monde entier.<\/p>    <div class=\"wp-block-image\"><figure class=\"aligncenter size-large\"><img decoding=\"async\" src=\"http:\/\/yogurt-machine.com\/wp-content\/uploads\/2019\/11\/certificates-of-Shuliy-machinery.jpg\" alt=\"Shuliy machinery certificates ISO CE SGS BV\" class=\"wp-image-262\" title=\"\"><\/figure><\/div>    <h2 class=\"wp-block-heading\" id=\"h-global-market-presence\">\ud83c\udf0d Pr\u00e9sence sur le march\u00e9 mondial<\/h2>    <p>Gr\u00e2ce \u00e0 la grande popularit\u00e9 de nos machines de traitement du yaourt sur le march\u00e9 international, nos \u00e9quipements ont \u00e9t\u00e9 install\u00e9s avec succ\u00e8s et mis en production dans de nombreux pays. Nos march\u00e9s r\u00e9cents en forte croissance incluent :<\/p>    <div class=\"wp-block-columns is-layout-flex wp-container-core-columns-is-layout-9d6595d7 wp-block-columns-is-layout-flex\"> <div class=\"wp-block-column is-layout-flow wp-block-column-is-layout-flow\"> <h3 class=\"wp-block-heading\" id=\"h-africa\">Afrique<\/h3>    <ul class=\"wp-block-list\"> <li>\ud83c\uddf3\ud83c\uddec Nigeria<\/li>    <li>\ud83c\uddf0\ud83c\uddea Kenya<\/li>    <li>\ud83c\uddf9\ud83c\uddff Tanzanie<\/li>    <li>\ud83c\uddff\ud83c\udde6 Afrique du Sud<\/li>    <li>\ud83c\uddf2\ud83c\uddff Mozambique<\/li> <\/ul> <\/div>    <div class=\"wp-block-column is-layout-flow wp-block-column-is-layout-flow\"> <h3 class=\"wp-block-heading\" id=\"h-asia\">Asie<\/h3>    <ul class=\"wp-block-list\"> <li>\ud83c\uddf2\ud83c\uddfe Malaisie<\/li>    <li>\ud83c\uddfb\ud83c\uddf3 Vietnam<\/li>    <li>\ud83c\uddf9\ud83c\udded Tha\u00eflande<\/li>    <li>\ud83c\uddf8\ud83c\udde6 Arabie Saoudite<\/li>    <li>\ud83c\udde6\ud83c\uddea \u00c9mirats arabes unis<\/li> <\/ul> <\/div>    <div class=\"wp-block-column is-layout-flow wp-block-column-is-layout-flow\"> <h3 class=\"wp-block-heading\" id=\"h-americas-europe\">Am\u00e9riques &amp; Europe<\/h3>    <ul class=\"wp-block-list\"> <li>\ud83c\udde8\ud83c\uddf4 Colombie<\/li>    <li>\ud83c\uddfa\ud83c\uddf8 \u00c9tats-Unis<\/li>    <li>\ud83c\udde8\ud83c\uddff R\u00e9publique tch\u00e8que<\/li>    <li>\ud83c\uddf3\ud83c\uddff Nouvelle-Z\u00e9lande<\/li>    <li>\ud83c\uddeb\ud83c\uddf7 France<\/li> <\/ul> <\/div> <\/div>    <p class=\"translation-block\">Vous souhaitez voir de v\u00e9ritables histoires de r\u00e9ussite ? Consultez nos <a href=\"https:\/\/yogurt-machine.com\/fr\/une-ligne-de-production-de-yaourt-a-petite-echelle-de-200-litres-a-ete-expediee-en-arabie-saoudite\/\">cas de lignes de production de yaourt<\/a> de clients dans le monde entier.<\/p>    <h2 class=\"wp-block-heading\" id=\"h-our-services\">\ud83d\udcbc Nos services complets<\/h2>    <div class=\"wp-block-columns is-layout-flex wp-container-core-columns-is-layout-9d6595d7 wp-block-columns-is-layout-flex\"> <div class=\"wp-block-column is-layout-flow wp-block-column-is-layout-flow\"> <h3 class=\"wp-block-heading\" id=\"h-pre-sales\">Services avant-vente<\/h3>    <ul class=\"wp-block-list\"> <li>Consultation gratuite et analyse des besoins<\/li>    <li>\u00c9tude de faisabilit\u00e9 d'investissement<\/li>    <li>Conception de ligne de production personnalis\u00e9e<\/li>    <li>Devis d\u00e9taill\u00e9 sous 24 heures<\/li>    <li>Organisation de la visite de l'usine<\/li> <\/ul> <\/div>    <div class=\"wp-block-column is-layout-flow wp-block-column-is-layout-flow\"> <h3 class=\"wp-block-heading\" id=\"h-during-sales\">Pendant la vente<\/h3>    <ul class=\"wp-block-list\"> <li>Mises \u00e0 jour r\u00e9guli\u00e8res de la production<\/li>    <li>Rapports d'inspection de qualit\u00e9<\/li>    <li>Vid\u00e9os de test d'\u00e9quipement<\/li>    <li>Organisation de l'exp\u00e9dition<\/li>    <li>Documentation d'exportation<\/li> <\/ul> <\/div>    <div class=\"wp-block-column is-layout-flow wp-block-column-is-layout-flow\"> <h3 class=\"wp-block-heading\" id=\"h-after-sales\">Support apr\u00e8s-vente<\/h3>    <ul class=\"wp-block-list\"> <li>Dessins d'installation et conseils<\/li>    <li>Manuels d'exploitation et vid\u00e9os<\/li>    <li>Support d'installation sur site (optionnel)<\/li>    <li>Garantie de 12 mois<\/li>    <li>Support technique \u00e0 vie<\/li> <\/ul> <\/div> <\/div>    <h2 class=\"wp-block-heading\" id=\"h-why-choose-shuliy\">\u2b50 Pourquoi choisir Shuliy Machinery ?<\/h2>    <ul class=\"wp-block-list\"> <li>\u2705 <strong>15  ann\u00e9es d'exp\u00e9rience en fabrication<\/strong> Expertise approfondie dans la fabrication de machines \u00e0 yaourt<\/li>    <li>\u2705 <strong>Prix directs d'usine :<\/strong> Pas d'interm\u00e9diaires, meilleur rapport qualit\u00e9-prix pour votre investissement<\/li>    <li>\u2705 <strong>Solutions personnalis\u00e9es :<\/strong> Adapt\u00e9 \u00e0 votre capacit\u00e9, espace et budget<\/li>    <li>\u2705 <strong>Assurance qualit\u00e9 :<\/strong> Certifi\u00e9 ISO, approuv\u00e9 CE, contr\u00f4le qualit\u00e9 rigoureux<\/li>    <li>\u2705 <strong>Livraison rapide :<\/strong> \u00c9quipement standard pr\u00eat \u00e0 exp\u00e9dier sous 15-20 jours<\/li>    <li>\u2705 <strong>Exp\u00e9dition mondiale :<\/strong> Exp\u00e9rience dans l'exportation vers plus de 50 pays<\/li>    <li>\u2705 <strong>Support 24\/7 :<\/strong> Assistance technique 24\/7<\/li>    <li>\u2705 <strong>Disponibilit\u00e9 des pi\u00e8ces d\u00e9tach\u00e9es :<\/strong> Garantie d'approvisionnement \u00e0 long terme en pi\u00e8ces d\u00e9tach\u00e9es<\/li> <\/ul>    <h2 class=\"wp-block-heading\" id=\"h-factory-visit\">\ud83c\udfed Visitez notre usine<\/h2>    <p>Nous vous invitons chaleureusement \u00e0 visiter notre usine de fabrication et \u00e0 voir nos machines \u00e0 yaourt en action. Lors de votre visite, vous pourrez :<\/p>    <ul class=\"wp-block-list\"> <li>\u2705 Inspectez la qualit\u00e9 et la fabrication de l'\u00e9quipement en personne<\/li>    <li>\u2705 Regardez des d\u00e9monstrations en direct et des tests d'\u00e9quipement<\/li>    <li>\u2705 Rencontrez notre \u00e9quipe d'ing\u00e9nierie et discutez de vos besoins<\/li>    <li>\u2705 Visitez nos installations de production et nos syst\u00e8mes de contr\u00f4le qualit\u00e9<\/li>    <li>\u2705 Explorez les options de personnalisation et les fonctionnalit\u00e9s sp\u00e9ciales<\/li>    <li>\u2705 Obtenez une consultation sur site avec nos experts techniques<\/li> <\/ul>    <p class=\"translation-block\"><strong>Adresse de l'usine :<\/strong> Route Nautique Est, Zone de d\u00e9veloppement \u00e9conomique de Zhengzhou, Henan, Chine<br><strong>A\u00e9roport le plus proche :<\/strong> A\u00e9roport international de Zhengzhou Xinzheng (CGO) \u2013 \u00e0 30 minutes en voiture<br><strong>Organisation de la visite :<\/strong> Veuillez nous contacter au moins 3 jours \u00e0 l'avance pour planifier votre visite<\/p>    <p>Nos conseillers commerciaux et techniciens fourniront des d\u00e9tails complets sur la machine (param\u00e8tres, manuels d'instruction, vid\u00e9os de fonctionnement, devis), une analyse de faisabilit\u00e9 d'investissement, et des solutions personnalis\u00e9es.<\/p>    <div class=\"wp-block-image\"><figure class=\"aligncenter size-large\"><img loading=\"lazy\" decoding=\"async\" width=\"720\" height=\"491\" src=\"http:\/\/yogurt-machine.com\/wp-content\/uploads\/2019\/11\/Welcome-to-Shuliy-machinery.jpg\" alt=\"Welcome to Shuliy machinery factory visit\" class=\"wp-image-262\" title=\"\"><\/figure><\/div>    <h2 class=\"wp-block-heading\" id=\"h-start-your-yogurt-business\">\ud83d\ude80 Lancez votre activit\u00e9 de production de yaourt d\u00e8s aujourd'hui<\/h2>    <p>Que vous soyez un producteur laitier cherchant \u00e0 diversifier ses revenus, un entrepreneur entrant dans l'industrie rentable du yaourt, ou un transformateur alimentaire \u00e9tabli \u00e9largissant sa gamme de produits, Shuliy Machinery est votre partenaire id\u00e9al.<\/p>    <p>Gr\u00e2ce \u00e0 notre gamme compl\u00e8te de produits, nos solutions personnalis\u00e9es et notre engagement in\u00e9branlable envers la qualit\u00e9, nous vous aiderons \u00e0 b\u00e2tir une entreprise de production de yaourt prosp\u00e8re. Des lignes de 200L\/j \u00e0 petite \u00e9chelle aux grandes usines industrielles de 5000L\/j, nous avons l'expertise et l'\u00e9quipement pour r\u00e9pondre \u00e0 vos besoins.<\/p>    <div class=\"wp-block-buttons is-layout-flex wp-block-buttons-is-layout-flex\"> <div class=\"wp-block-button\"><a class=\"wp-block-button__link wp-element-button\" href=\"https:\/\/yogurt-machine.com\/fr\/contactez-nous\/\">\ud83d\udcde Contactez-nous d\u00e8s aujourd'hui<\/a><\/div>    <div class=\"wp-block-button\"><a class=\"wp-block-button__link wp-element-button\" href=\"https:\/\/yogurt-machine.com\/fr\/ligne-de-production-de-yaourt-machine-a-yaourt\/\">\ud83d\udd0d Voir les produits<\/a><\/div>    <div class=\"wp-block-button\"><a class=\"wp-block-button__link wp-element-button\" href=\"https:\/\/wa.me\/8613838515872\" target=\"_blank\" rel=\"noopener\">\ud83d\udcac Chat sur WhatsApp<\/a><\/div> <\/div>    <hr class=\"wp-block-separator has-css-opacity\"\/>    <p class=\"has-small-font-size translation-block\"><em>Mots-cl\u00e9s : fabricant de machines \u00e0 yaourt, fournisseur de lignes de production de yaourt, \u00e9quipement commercial pour yaourt, machinerie de transformation laiti\u00e8re Chine, Shuliy machinery, usine de machines \u00e0 yaourt, \u00e9quipement de traitement du lait, fabricant de plantes \u00e0 yaourt, machines \u00e0 yaourt certifi\u00e9es ISO, ligne de production de yaourt CE<\/em><\/p>","protected":false},"excerpt":{"rendered":"<p>Shuliy Machinery is a professional yogurt machine manufacturer established in 2011. We specialize in yogurt production lines with 15+ years experience, serving 50+ countries worldwide.<\/p>","protected":false},"author":1,"featured_media":0,"parent":0,"menu_order":0,"comment_status":"closed","ping_status":"closed","template":"","meta":{"footnotes":""},"class_list":["post-16","page","type-page","status-publish"],"_links":{"self":[{"href":"https:\/\/yogurt-machine.com\/fr\/wp-json\/wp\/v2\/pages\/16","targetHints":{"allow":["GET"]}}],"collection":[{"href":"https:\/\/yogurt-machine.com\/fr\/wp-json\/wp\/v2\/pages"}],"about":[{"href":"https:\/\/yogurt-machine.com\/fr\/wp-json\/wp\/v2\/types\/page"}],"author":[{"embeddable":true,"href":"https:\/\/yogurt-machine.com\/fr\/wp-json\/wp\/v2\/users\/1"}],"replies":[{"embeddable":true,"href":"https:\/\/yogurt-machine.com\/fr\/wp-json\/wp\/v2\/comments?post=16"}],"version-history":[{"count":7,"href":"https:\/\/yogurt-machine.com\/fr\/wp-json\/wp\/v2\/pages\/16\/revisions"}],"predecessor-version":[{"id":16849,"href":"https:\/\/yogurt-machine.com\/fr\/wp-json\/wp\/v2\/pages\/16\/revisions\/16849"}],"wp:attachment":[{"href":"https:\/\/yogurt-machine.com\/fr\/wp-json\/wp\/v2\/media?parent=16"}],"curies":[{"name":"wp","href":"https:\/\/api.w.org\/{rel}","templated":true}]}}