{"id":31,"date":"2019-11-20T09:04:01","date_gmt":"2019-11-20T09:04:01","guid":{"rendered":"http:\/\/yogurt-machine.com\/?page_id=31"},"modified":"2021-06-19T11:51:42","modified_gmt":"2021-06-19T03:51:42","slug":"yogurt-machine","status":"publish","type":"page","link":"https:\/\/yogurt-machine.com\/es\/","title":{"rendered":"Bienvenido a Shuliy Yogurt Machinery"},"content":{"rendered":"<div class=\"wp-block-columns intro is-layout-flex wp-container-core-columns-is-layout-9d6595d7 wp-block-columns-is-layout-flex\"> <div class=\"wp-block-column is-layout-flow wp-block-column-is-layout-flow\"> <figure class=\"wp-block-image size-large\"><img loading=\"lazy\" decoding=\"async\" width=\"536\" height=\"409\" src=\"https:\/\/yogurt-machine.com\/wp-content\/uploads\/2021\/06\/Shuliy-yogurt-processing-line-3.jpg\" alt=\"L\u00ednea-de-procesamiento-de-yogurt-shuliy\" class=\"wp-image-2103\" title=\"\"><\/figure> <\/div>    <div class=\"wp-block-column right is-layout-flow wp-block-column-is-layout-flow\"> <h2 class=\"has-text-align-center wp-block-heading\" id=\"h-why-choose-us\"><strong>Por qu\u00e9 elegirnos<\/strong><\/h2>    <p class=\"has-text-align-left\">Shuliy machinery se estableci\u00f3 en 2011 para fabricar m\u00e1quinas de yogur con un gran n\u00famero de t\u00e9cnicos y expertos. A trav\u00e9s de a\u00f1os de investigaci\u00f3n y \u200b\u200binnovaci\u00f3n continua, nuestra tecnolog\u00eda de procesamiento de yogur es bastante madura, y nos hemos convertido en una empresa profesional con derechos de propiedad intelectual independientes y tecnolog\u00eda central en la industria. Y establecemos un sistema de fabricaci\u00f3n y ventas que puede proporcionar a los clientes de manera oportuna productos y servicios integrales, razonables, de alta calidad y eficientes.<\/p> <\/div> <\/div>    <br>    <div class=\"wp-block-image\"><figure class=\"aligncenter size-large is-resized\"><img loading=\"lazy\" decoding=\"async\" src=\"https:\/\/yogurt-machine.com\/wp-content\/uploads\/2019\/11\/blue-icon.png\" alt=\"\" class=\"wp-image-217\" width=\"40\" height=\"40\" title=\"\"><\/figure><\/div>    <h2 class=\"has-text-align-center wp-block-heading\" id=\"h-professional-yogurt-processing-crafts-and-equipment\"><strong>Artesan\u00edas y equipos profesionales para el procesamiento de yogur<\/strong><\/h2>    <br>    <div class=\"wp-block-columns yogurt is-layout-flex wp-container-core-columns-is-layout-9d6595d7 wp-block-columns-is-layout-flex\"> <div class=\"wp-block-column is-layout-flow wp-block-column-is-layout-flow\" style=\"flex-basis:25%\"> <p class=\"has-text-align-right top-left\"> A trav\u00e9s de a\u00f1os de desarrollo, las m\u00e1quinas de procesamiento de yogur de Shuliy han formado un sistema completo de producci\u00f3n de equipos. <\/p>    <p class=\"has-text-align-right bottom-left\"> El equipo principal ha abarcado el mantenimiento en fr\u00edo de la leche fresca, la precalentamiento y homogeneizaci\u00f3n de la leche, la esterilizaci\u00f3n de la leche, la fermentaci\u00f3n del yogur y el envasado por lotes, el sistema de limpieza CIP, la m\u00e1quina de esterilizaci\u00f3n a alta temperatura y la m\u00e1quina de pasteurizaci\u00f3n, entre otros. <\/p> <\/div>    <div class=\"wp-block-column is-layout-flow wp-block-column-is-layout-flow\" style=\"flex-basis:50%\"> <div class=\"wp-block-image\"><figure class=\"aligncenter size-large\"><img loading=\"lazy\" decoding=\"async\" width=\"800\" height=\"533\" src=\"https:\/\/yogurt-machine.com\/wp-content\/uploads\/2019\/12\/yobg.jpg\" alt=\"\" class=\"wp-image-446\" title=\"\" srcset=\"https:\/\/yogurt-machine.com\/wp-content\/uploads\/2019\/12\/yobg.jpg 800w, https:\/\/yogurt-machine.com\/wp-content\/uploads\/2019\/12\/yobg-768x512.jpg 768w\" sizes=\"auto, (max-width: 800px) 100vw, 800px\" \/><\/figure><\/div> <\/div>    <div class=\"wp-block-column is-layout-flow wp-block-column-is-layout-flow\" style=\"flex-basis:25%\"> <p class=\"has-text-align-left top-right\"> Con la gran popularidad de nuestras m\u00e1quinas de procesamiento de yogur en el mercado internacional, nuestras m\u00e1quinas se han instalado y puesto en producci\u00f3n de yogur en muchos pa\u00edses.  <\/p>    <p class=\"bottom-right\"> Los mercados m\u00e1s populares recientemente son los siguientes: Nigeria, Sud\u00e1frica, Malasia, Francia, Emiratos \u00c1rabes Unidos, Nueva Zelanda, Colombia, Mongolia, Estados Unidos, Mozambique, Tanzania, Rep\u00fablica Checa, entre otros.<\/p> <\/div> <\/div>    <br>    <div class=\"wp-block-image\"><figure class=\"aligncenter size-large is-resized\"><img loading=\"lazy\" decoding=\"async\" src=\"https:\/\/yogurt-machine.com\/wp-content\/uploads\/2019\/11\/blue-icon.png\" alt=\"\" class=\"wp-image-217\" width=\"40\" height=\"40\" title=\"\"><\/figure><\/div>    <h2 class=\"has-text-align-center wp-block-heading\" id=\"h-our-products\"><strong>Nuestros productos<\/strong><\/h2>    <div class=\"pt-cv-wrapper\"><div class=\"pt-cv-view pt-cv-grid pt-cv-colsys\" id=\"pt-cv-view-00dfaf0d7j\"><div data-id=\"pt-cv-page-1\" class=\"pt-cv-page\" data-cvc=\"2\"><div class=\"col-md-6 col-sm-6 col-xs-12 pt-cv-content-item pt-cv-1-col\"  data-pid=\"376\"><div class='pt-cv-ifield'><a href=\"https:\/\/yogurt-machine.com\/es\/linea-de-produccion-de-yogur-maquina-de-yogur\/\" class=\"_self pt-cv-href-thumbnail pt-cv-thumb-default cvplbd\" target=\"_self\" ><img loading=\"lazy\" decoding=\"async\" width=\"540\" height=\"540\" src=\"https:\/\/yogurt-machine.com\/wp-content\/uploads\/2026\/03\/yogurt-production-line.webp\" class=\"pt-cv-thumbnail img-none\" alt=\"l\u00ednea de producci\u00f3n de yogur\" srcset=\"https:\/\/yogurt-machine.com\/wp-content\/uploads\/2026\/03\/yogurt-production-line.webp 540w, https:\/\/yogurt-machine.com\/wp-content\/uploads\/2026\/03\/yogurt-production-line-12x12.webp 12w\" sizes=\"auto, (max-width: 540px) 100vw, 540px\" title=\"\"><\/a> <h4 class=\"pt-cv-title\"><a href=\"https:\/\/yogurt-machine.com\/es\/linea-de-produccion-de-yogur-maquina-de-yogur\/\" class=\"_self cvplbd\" target=\"_self\" >L\u00ednea de producci\u00f3n de yogur | M\u00e1quina de yogur comercial 200L-5000L | Shuliy<\/a><\/h4><\/div><\/div> <div class=\"col-md-6 col-sm-6 col-xs-12 pt-cv-content-item pt-cv-1-col\"  data-pid=\"503\"><div class='pt-cv-ifield'><a href=\"https:\/\/yogurt-machine.com\/es\/maquina-envasadora-automatica-de-llenado-de-yogur\/\" class=\"_self pt-cv-href-thumbnail pt-cv-thumb-default cvplbd\" target=\"_self\" ><img loading=\"lazy\" decoding=\"async\" width=\"540\" height=\"540\" src=\"https:\/\/yogurt-machine.com\/wp-content\/uploads\/2019\/12\/Automatic-Yogurt-Filling-Machine-1.jpg\" class=\"pt-cv-thumbnail img-none\" alt=\"M\u00e1quina autom\u00e1tica de llenado de yogur\" title=\"\"><\/a> <h4 class=\"pt-cv-title\"><a href=\"https:\/\/yogurt-machine.com\/es\/maquina-envasadora-automatica-de-llenado-de-yogur\/\" class=\"_self cvplbd\" target=\"_self\" >M\u00e1quina autom\u00e1tica de llenado de yogur | M\u00e1quina de embalaje<\/a><\/h4><\/div><\/div><\/div><\/div><\/div>\t\t\t<style type=\"text\/css\" id=\"pt-cv-inline-style-767567cn1q\">#pt-cv-view-00dfaf0d7j  .pt-cv-ifield   { background-color: #ffffff !important; } #pt-cv-view-00dfaf0d7j .pt-cv-href-thumbnail  { margin-left: auto !important; margin-right: auto !important; display: block !important; text-align: center !important; clear: both !important; } #pt-cv-view-00dfaf0d7j .pt-cv-title a, #pt-cv-view-00dfaf0d7j  .panel-title { font-weight: 600 !important; display: block !important; text-align: center !important; clear: both !important; } #pt-cv-view-00dfaf0d7j .pt-cv-readmore  { color: #ffffff !important; background-color: #00aeef !important; } #pt-cv-view-00dfaf0d7j .pt-cv-readmore:hover  { color: #ffffff !important; background-color: #00aeef !important; }<\/style>  \t\t\t    <div class=\"wp-block-image\"><figure class=\"aligncenter size-large is-resized\"><img loading=\"lazy\" decoding=\"async\" src=\"https:\/\/yogurt-machine.com\/wp-content\/uploads\/2019\/11\/blue-icon.png\" alt=\"\" class=\"wp-image-217\" width=\"40\" height=\"40\" title=\"\"><\/figure><\/div>    <h2 class=\"has-text-align-center wp-block-heading\" id=\"h-perfect-customer-service-that-we-can-provide\"><strong>Un servicio al cliente perfecto que podemos proporcionar<\/strong><\/h2>    <br>    <div class=\"ser\">    <div class=\"wp-block-columns top is-layout-flex wp-container-core-columns-is-layout-9d6595d7 wp-block-columns-is-layout-flex\"> <div class=\"wp-block-column img is-layout-flow wp-block-column-is-layout-flow\" style=\"flex-basis:25%\"> <figure class=\"wp-block-image size-large\"><img loading=\"lazy\" decoding=\"async\" width=\"720\" height=\"540\" src=\"https:\/\/yogurt-machine.com\/wp-content\/uploads\/2021\/06\/Plate-sterilizer-1.jpg\" alt=\"Esterilizador de platos\" class=\"wp-image-2107\" title=\"\"><figcaption>Esterilizador de placas<\/figcaption><\/figure> <\/div>    <div class=\"wp-block-column is-layout-flow wp-block-column-is-layout-flow\" style=\"flex-basis:50%\"> <div class=\"wp-block-columns is-layout-flex wp-container-core-columns-is-layout-9d6595d7 wp-block-columns-is-layout-flex\"> <div class=\"wp-block-column milk-top is-layout-flow wp-block-column-is-layout-flow\"> <div class=\"wp-block-image is-style-circle-mask\"><figure class=\"aligncenter size-large is-resized\"><img loading=\"lazy\" decoding=\"async\" src=\"https:\/\/yogurt-machine.com\/wp-content\/uploads\/2019\/11\/milk.jpg\" alt=\"\" class=\"wp-image-60\" width=\"100\" height=\"60\" title=\"\"><\/figure><\/div>    <p class=\"has-text-align-center\">Disponemos de una serie de equipos para el mantenimiento en fr\u00edo, precalentamiento, homogeneizaci\u00f3n, esterilizaci\u00f3n, fermentaci\u00f3n y envasado por lotes de la leche. <\/p> <\/div>    <div class=\"wp-block-column milk-top is-layout-flow wp-block-column-is-layout-flow\"> <div class=\"wp-block-image is-style-circle-mask\"><figure class=\"aligncenter size-large is-resized\"><img loading=\"lazy\" decoding=\"async\" src=\"https:\/\/yogurt-machine.com\/wp-content\/uploads\/2019\/11\/milk.jpg\" alt=\"\" class=\"wp-image-60\" width=\"100\" height=\"60\" title=\"\"><\/figure><\/div>    <p class=\"has-text-align-center\"> Podemos proporcionar a los clientes m\u00e1quinas de yogur con diversas capacidades de trabajo, como 200L\/D, 300L\/D, 500L\/D, 1000L\/D e incluso una producci\u00f3n mayor.<\/p> <\/div> <\/div> <\/div>    <div class=\"wp-block-column img is-layout-flow wp-block-column-is-layout-flow\" style=\"flex-basis:25%\"> <figure class=\"wp-block-image size-large\"><img loading=\"lazy\" decoding=\"async\" width=\"720\" height=\"540\" src=\"https:\/\/yogurt-machine.com\/wp-content\/uploads\/2021\/06\/Homogenizer-1.jpg\" alt=\"Homogeneizador\" class=\"wp-image-2109\" title=\"\"><figcaption>Homogeneizador<\/figcaption><\/figure> <\/div> <\/div>    <div class=\"wp-block-columns is-layout-flex wp-container-core-columns-is-layout-9d6595d7 wp-block-columns-is-layout-flex\"> <div class=\"wp-block-column milk is-layout-flow wp-block-column-is-layout-flow\" style=\"flex-basis:25%\"> <div class=\"wp-block-image is-style-circle-mask\"><figure class=\"aligncenter size-large is-resized\"><img loading=\"lazy\" decoding=\"async\" src=\"https:\/\/yogurt-machine.com\/wp-content\/uploads\/2019\/11\/milk.jpg\" alt=\"\" class=\"wp-image-60\" width=\"100\" height=\"60\" title=\"\"><\/figure><\/div>    <p class=\"has-text-align-left\">Las m\u00e1quinas de procesamiento de yogur de Shuliy pueden realizar tanto esterilizaci\u00f3n a alta temperatura como pasteurizaci\u00f3n para hacer yogur natural o yogur con sabor.<\/p> <\/div>    <div class=\"wp-block-column is-layout-flow wp-block-column-is-layout-flow\" style=\"flex-basis:50%\"> <figure class=\"wp-block-image size-large\"><img loading=\"lazy\" decoding=\"async\" width=\"1130\" height=\"647\" src=\"https:\/\/yogurt-machine.com\/wp-content\/uploads\/2021\/06\/Shuliy-yogurt-processing-line-2.jpg\" alt=\"L\u00ednea de procesamiento de yogur Shuliy\" class=\"wp-image-2098\" title=\"\" srcset=\"https:\/\/yogurt-machine.com\/wp-content\/uploads\/2021\/06\/Shuliy-yogurt-processing-line-2.jpg 1130w, https:\/\/yogurt-machine.com\/wp-content\/uploads\/2021\/06\/Shuliy-yogurt-processing-line-2-768x440.jpg 768w\" sizes=\"auto, (max-width: 1130px) 100vw, 1130px\" \/><figcaption>L\u00ednea de procesamiento de yogur de Shuliy<\/figcaption><\/figure> <\/div>    <div class=\"wp-block-column milk-right is-layout-flow wp-block-column-is-layout-flow\" style=\"flex-basis:25%\"> <div class=\"wp-block-image is-style-circle-mask\"><figure class=\"aligncenter size-large is-resized\"><img loading=\"lazy\" decoding=\"async\" src=\"https:\/\/yogurt-machine.com\/wp-content\/uploads\/2019\/11\/milk.jpg\" alt=\"\" class=\"wp-image-60\" width=\"100\" height=\"60\" title=\"\"><\/figure><\/div>    <p class=\"has-text-align-right\"> Podemos proporcionar soluciones como planificaci\u00f3n de proyectos, dise\u00f1o de sitios, configuraci\u00f3n de l\u00edneas de producci\u00f3n, optimizaci\u00f3n del rendimiento del equipo y optimizaci\u00f3n del ahorro de costos.&nbsp;<\/p> <\/div> <\/div>    <\/div>","protected":false},"excerpt":{"rendered":"","protected":false},"author":1,"featured_media":0,"parent":0,"menu_order":0,"comment_status":"closed","ping_status":"closed","template":"","meta":{"footnotes":""},"class_list":["post-31","page","type-page","status-publish"],"_links":{"self":[{"href":"https:\/\/yogurt-machine.com\/es\/wp-json\/wp\/v2\/pages\/31","targetHints":{"allow":["GET"]}}],"collection":[{"href":"https:\/\/yogurt-machine.com\/es\/wp-json\/wp\/v2\/pages"}],"about":[{"href":"https:\/\/yogurt-machine.com\/es\/wp-json\/wp\/v2\/types\/page"}],"author":[{"embeddable":true,"href":"https:\/\/yogurt-machine.com\/es\/wp-json\/wp\/v2\/users\/1"}],"replies":[{"embeddable":true,"href":"https:\/\/yogurt-machine.com\/es\/wp-json\/wp\/v2\/comments?post=31"}],"version-history":[{"count":10,"href":"https:\/\/yogurt-machine.com\/es\/wp-json\/wp\/v2\/pages\/31\/revisions"}],"predecessor-version":[{"id":2123,"href":"https:\/\/yogurt-machine.com\/es\/wp-json\/wp\/v2\/pages\/31\/revisions\/2123"}],"wp:attachment":[{"href":"https:\/\/yogurt-machine.com\/es\/wp-json\/wp\/v2\/media?parent=31"}],"curies":[{"name":"wp","href":"https:\/\/api.w.org\/{rel}","templated":true}]}}