{"id":16,"date":"2026-03-02T11:19:28","date_gmt":"2026-03-02T03:19:28","guid":{"rendered":"http:\/\/yogurt-machine.com\/?page_id=16"},"modified":"2026-03-02T11:23:20","modified_gmt":"2026-03-02T03:23:20","slug":"abous-us","status":"publish","type":"page","link":"https:\/\/yogurt-machine.com\/es\/sobre-nosotros\/","title":{"rendered":"About Shuliy Machinery &#8211; Professional Yogurt Machine Manufacturer Since 2011"},"content":{"rendered":"<div class=\"wp-block-cover aligncenter has-background-dim\"><img loading=\"lazy\" decoding=\"async\" width=\"2378\" height=\"591\" class=\"wp-block-cover__image-background wp-image-2159\" alt=\"\" src=\"https:\/\/yogurt-machine.com\/wp-content\/uploads\/2021\/06\/Standard-type-200l-canned-dairy-production-line-1.jpg\" data-object-fit=\"cover\" title=\"\" srcset=\"https:\/\/yogurt-machine.com\/wp-content\/uploads\/2021\/06\/Standard-type-200l-canned-dairy-production-line-1.jpg 2378w, https:\/\/yogurt-machine.com\/wp-content\/uploads\/2021\/06\/Standard-type-200l-canned-dairy-production-line-1-768x191.jpg 768w, https:\/\/yogurt-machine.com\/wp-content\/uploads\/2021\/06\/Standard-type-200l-canned-dairy-production-line-1-1536x382.jpg 1536w, https:\/\/yogurt-machine.com\/wp-content\/uploads\/2021\/06\/Standard-type-200l-canned-dairy-production-line-1-2048x509.jpg 2048w\" sizes=\"auto, (max-width: 2378px) 100vw, 2378px\" \/><span aria-hidden=\"true\" class=\"wp-block-cover__background has-background-dim-60 has-background-dim\"><\/span><div class=\"wp-block-cover__inner-container is-layout-flow wp-block-cover-is-layout-flow\"> <h1 class=\"wp-block-heading has-text-align-center\">Acerca de Shuliy Machinery: su fabricante de yogur confiable<\/h1>    <p class=\"has-text-align-center\">15  a\u00f1os de excelencia en la fabricaci\u00f3n de l\u00edneas de producci\u00f3n de yogur | Sirviendo a 50  pa\u00edses<\/p> <\/div><\/div>    <div class=\"wp-block-columns is-layout-flex wp-container-core-columns-is-layout-9d6595d7 wp-block-columns-is-layout-flex\"> <div class=\"wp-block-column is-layout-flow wp-block-column-is-layout-flow\" style=\"flex-basis:50%\"> <h2 class=\"wp-block-heading\" id=\"h-company-overview\">\ud83c\udfe2 Descripci\u00f3n de la empresa<\/h2>    <p class=\"translation-block\"><strong>Shuliy Machinery<\/strong> se fund\u00f3 en <strong>2011<\/strong> para fabricar m\u00e1quinas profesionales de yogur y equipos de procesamiento de leche. Con m\u00e1s de <strong>15 a\u00f1os de innovaci\u00f3n continua<\/strong> y desarrollo, hemos pasado de un peque\u00f1o taller a ser un <strong>fabricante l\u00edder de m\u00e1quinas de yogur<\/strong> en China, sirviendo a clientes en m\u00e1s de 50 pa\u00edses.<\/p>    <p class=\"translation-block\">Nuestra empresa se encuentra en <strong>Zhengzhou Economic Development Zone, provincia de Henan, China<\/strong>, abarca un \u00e1rea de 5,000 metros cuadrados con instalaciones de producci\u00f3n modernas y equipos de fabricaci\u00f3n avanzados. Empleamos a m\u00e1s de 100 t\u00e9cnicos, ingenieros y profesionales de ventas altamente cualificados dedicados a ofrecer soluciones de producci\u00f3n de yogur de la m\u00e1s alta calidad.<\/p> <\/div>    <div class=\"wp-block-column is-layout-flow wp-block-column-is-layout-flow\" style=\"flex-basis:50%\"> <h2 class=\"wp-block-heading\" id=\"h-quick-facts\">\ud83d\udcca Datos r\u00e1pidos<\/h2>    <ul class=\"wp-block-list\"> <li>\u2705 <strong>Fundada:<\/strong> 2011 (m\u00e1s de 15 a\u00f1os de experiencia)<\/li>    <li>\u2705 <strong>Capacidad de producci\u00f3n:<\/strong> M\u00e1s de 500 l\u00edneas de producci\u00f3n de yogur por a\u00f1o<\/li>    <li>\u2705 <strong>Pa\u00edses servidos:<\/strong> M\u00e1s de 50 en \u00c1frica, Asia, Oriente Medio, Am\u00e9ricas<\/li>    <li>\u2705 <strong>Tama\u00f1o del equipo:<\/strong> M\u00e1s de 100 empleados, incluidos 20  ingenieros<\/li>    <li>\u2705 <strong>Certificaciones:<\/strong> ISO 9001, CE, SGS, BV<\/li>    <li>\u2705 <strong>Tama\u00f1o de la f\u00e1brica:<\/strong> 5,000 metros cuadrados<\/li> <\/ul> <\/div> <\/div>    <figure class=\"wp-block-image size-large\"><img loading=\"lazy\" decoding=\"async\" width=\"1003\" height=\"559\" src=\"https:\/\/yogurt-machine.com\/wp-content\/uploads\/2021\/06\/Simple-200l-canned-dairy-productuon-line.jpg\" alt=\"Fabricante de l\u00edneas de yogur de peque\u00f1a escala\" class=\"wp-image-2160\" title=\"\" srcset=\"https:\/\/yogurt-machine.com\/wp-content\/uploads\/2021\/06\/Simple-200l-canned-dairy-productuon-line.jpg 1003w, https:\/\/yogurt-machine.com\/wp-content\/uploads\/2021\/06\/Simple-200l-canned-dairy-productuon-line-768x428.jpg 768w\" sizes=\"auto, (max-width: 1003px) 100vw, 1003px\" \/><figcaption class=\"wp-element-caption\">L\u00ednea de producci\u00f3n de yogur a peque\u00f1a escala \u2013 200 L de capacidad<\/figcaption><\/figure>    <h2 class=\"wp-block-heading\" id=\"h-our-story\">\ud83d\udcd6 Nuestra historia: de taller local a fabricante global<\/h2>    <p class=\"translation-block\">Lo que comenz\u00f3 como un peque\u00f1o taller en 2011 se ha convertido en uno de los <strong>fabricantes de m\u00e1quinas de yogur<\/strong> m\u00e1s respetados de China. Nuestro objetivo siempre fue hacer que equipos de producci\u00f3n de yogur de alta calidad sean asequibles para ganaderos y procesadores de alimentos.<\/p>    <p>A trav\u00e9s de a\u00f1os de investigaci\u00f3n e innovaci\u00f3n continuas, nuestra tecnolog\u00eda de procesamiento de yogur se ha ido consolidando. Hemos invertido mucho en I D, estableciendo nuestras propias instalaciones de pruebas y asoci\u00e1ndonos con instituciones l\u00edderes en ciencia de alimentos. Hoy poseemos m\u00faltiples patentes y tecnolog\u00edas propietarias en fermentaci\u00f3n de yogur, pasteurizaci\u00f3n y automatizaci\u00f3n de l\u00edneas de producci\u00f3n.<\/p>    <p class=\"translation-block\">Nuestra expansi\u00f3n internacional comenz\u00f3 en 2015 cuando exportamos nuestra primera <a href=\"https:\/\/yogurt-machine.com\/es\/linea-de-produccion-de-yogur-maquina-de-yogur\/\">l\u00ednea de producci\u00f3n de yogur<\/a> a Nigeria. Desde entonces, hemos completado con \u00e9xito proyectos en el sudeste asi\u00e1tico, Oriente Medio, \u00c1frica, Sudam\u00e9rica y Europa Oriental. Cada instalaci\u00f3n exitosa ha fortalecido nuestra reputaci\u00f3n en fiabilidad, calidad y excelente soporte postventa.<\/p>    <figure class=\"wp-block-image size-large\"><img loading=\"lazy\" decoding=\"async\" width=\"1003\" height=\"559\" src=\"https:\/\/yogurt-machine.com\/wp-content\/uploads\/2021\/06\/Composition-diagram.jpg\" alt=\"Diagrama de la composici\u00f3n de la l\u00ednea de producci\u00f3n de yogur\" class=\"wp-image-2161\" title=\"\" srcset=\"https:\/\/yogurt-machine.com\/wp-content\/uploads\/2021\/06\/Composition-diagram.jpg 1003w, https:\/\/yogurt-machine.com\/wp-content\/uploads\/2021\/06\/Composition-diagram-768x428.jpg 768w\" sizes=\"auto, (max-width: 1003px) 100vw, 1003px\" \/><figcaption class=\"wp-element-caption\">Diagrama del sistema completo de l\u00ednea de producci\u00f3n de yogur<\/figcaption><\/figure>    <h2 class=\"wp-block-heading\" id=\"h-what-we-offer\">\ud83c\udfaf Lo que ofrecemos<\/h2>    <div class=\"wp-block-columns is-layout-flex wp-container-core-columns-is-layout-9d6595d7 wp-block-columns-is-layout-flex\"> <div class=\"wp-block-column is-layout-flow wp-block-column-is-layout-flow\"> <h3 class=\"wp-block-heading\" id=\"h-product-range\">Gama de productos completa<\/h3>    <ul class=\"wp-block-list\"> <li>L\u00edneas de producci\u00f3n de yogur (200 L \u2013 5000 L\/d)<\/li>    <li>M\u00e1quinas de pasteurizaci\u00f3n de leche<\/li>    <li>Tanques de fermentaci\u00f3n de yogur<\/li>    <li>Homogenizadores de leche<\/li>    <li>M\u00e1quinas de llenado y envasado de yogur<\/li>    <li>Sistemas de limpieza CIP<\/li>    <li>Filtros de leche y filtros d\u00faplex<\/li> <\/ul> <\/div>    <div class=\"wp-block-column is-layout-flow wp-block-column-is-layout-flow\"> <h3 class=\"wp-block-heading\" id=\"h-custom-solutions\">Soluciones a medida<\/h3>    <ul class=\"wp-block-list\"> <li>Planificaci\u00f3n de proyectos y estudios de viabilidad<\/li>    <li>Dise\u00f1o de distribuci\u00f3n de la f\u00e1brica<\/li>    <li>Configuraci\u00f3n de la l\u00ednea de producci\u00f3n<\/li>    <li>Optimizaci\u00f3n del rendimiento de los equipos<\/li>    <li>Soluciones para ahorrar costos<\/li>    <li>Personalizaci\u00f3n de voltaje y certificaciones<\/li> <\/ul> <\/div> <\/div>    <h2 class=\"wp-block-heading\" id=\"h-achieved-certificates\">\ud83c\udfc6 Certificados y honores obtenidos<\/h2>    <p>La calidad y la seguridad est\u00e1n en el centro de todo lo que hacemos. Shuliy Machinery est\u00e1 certificado por m\u00faltiples organismos internacionales, asegurando que nuestro equipo cumpla con los m\u00e1s altos est\u00e1ndares:<\/p>    <ul class=\"wp-block-list\"> <li>\u2705 <strong>ISO 9001:2015<\/strong> \u2013 Certificaci\u00f3n del sistema de gesti\u00f3n de la calidad<\/li>    <li>\u2705 <strong>Certificaci\u00f3n CE<\/strong> \u2013 Cumplimiento de normas europeas de seguridad<\/li>    <li>\u2705 <strong>Inspecci\u00f3n SGS<\/strong> \u2013 Verificaci\u00f3n de calidad de terceros<\/li>    <li>\u2705 <strong>Certificaci\u00f3n BV<\/strong> \u2013 Aseguramiento de calidad Bureau Veritas<\/li> <\/ul>    <p class=\"translation-block\">Durante m\u00e1s de una d\u00e9cada hemos seguido nuestro principio de <em>\u201cInvestigaci\u00f3n hacia la innovaci\u00f3n, ahorro de energ\u00eda y protecci\u00f3n del medio ambiente\u201d<\/em>, asegurando que ofrecemos las mejores m\u00e1quinas y servicios a clientes en todo el mundo.<\/p>    <div class=\"wp-block-image\"><figure class=\"aligncenter size-large\"><img decoding=\"async\" src=\"http:\/\/yogurt-machine.com\/wp-content\/uploads\/2019\/11\/certificates-of-Shuliy-machinery.jpg\" alt=\"Shuliy machinery certificates ISO CE SGS BV\" class=\"wp-image-262\" title=\"\"><\/figure><\/div>    <h2 class=\"wp-block-heading\" id=\"h-global-market-presence\">\ud83c\udf0d Presencia Global en el Mercado<\/h2>    <p>Con la gran popularidad de nuestras m\u00e1quinas de procesamiento de yogur en el mercado internacional, nuestro equipo ha sido instalado y puesto en producci\u00f3n en numerosos pa\u00edses. Nuestros mercados de gran \u00e9xito actuales incluyen:<\/p>    <div class=\"wp-block-columns is-layout-flex wp-container-core-columns-is-layout-9d6595d7 wp-block-columns-is-layout-flex\"> <div class=\"wp-block-column is-layout-flow wp-block-column-is-layout-flow\"> <h3 class=\"wp-block-heading\" id=\"h-africa\">\u00c1frica<\/h3>    <ul class=\"wp-block-list\"> <li>\ud83c\uddf3\ud83c\uddec Nigeria<\/li>    <li>\ud83c\uddf0\ud83c\uddea Kenia<\/li>    <li>\ud83c\uddf9\ud83c\uddff Tanzania<\/li>    <li>\ud83c\uddff\ud83c\udde6 Sud\u00e1frica<\/li>    <li>\ud83c\uddf2\ud83c\uddff Mozambique<\/li> <\/ul> <\/div>    <div class=\"wp-block-column is-layout-flow wp-block-column-is-layout-flow\"> <h3 class=\"wp-block-heading\" id=\"h-asia\">Asia<\/h3>    <ul class=\"wp-block-list\"> <li>\ud83c\uddf2\ud83c\uddfe Malasia<\/li>    <li>\ud83c\uddfb\ud83c\uddf3 Vietnam<\/li>    <li>\ud83c\uddf9\ud83c\udded Tailandia<\/li>    <li>\ud83c\uddf8\ud83c\udde6 Arabia Saudita<\/li>    <li>\ud83c\udde6\ud83c\uddea UAE<\/li> <\/ul> <\/div>    <div class=\"wp-block-column is-layout-flow wp-block-column-is-layout-flow\"> <h3 class=\"wp-block-heading\" id=\"h-americas-europe\">Am\u00e9ricas y Europa<\/h3>    <ul class=\"wp-block-list\"> <li>\ud83c\udde8\ud83c\uddf4 Colombia<\/li>    <li>\ud83c\uddfa\ud83c\uddf8 Estados Unidos<\/li>    <li>\ud83c\udde8\ud83c\uddff Rep\u00fablica Checa<\/li>    <li>\ud83c\uddf3\ud83c\uddff Nueva Zelanda<\/li>    <li>\ud83c\uddeb\ud83c\uddf7 Francia<\/li> <\/ul> <\/div> <\/div>    <p class=\"translation-block\">\u00bfQuiere ver historias de \u00e9xito reales? Consulte nuestros <a href=\"https:\/\/yogurt-machine.com\/es\/se-envio-una-linea-de-produccion-de-yogur-a-pequena-escala-de-200-litros-a-arabia-saudita\/\">l\u00edneas de producci\u00f3n de yogur<\/a> de clientes en todo el mundo.<\/p>    <h2 class=\"wp-block-heading\" id=\"h-our-services\">\ud83d\udcbc Nuestros servicios integrales<\/h2>    <div class=\"wp-block-columns is-layout-flex wp-container-core-columns-is-layout-9d6595d7 wp-block-columns-is-layout-flex\"> <div class=\"wp-block-column is-layout-flow wp-block-column-is-layout-flow\"> <h3 class=\"wp-block-heading\" id=\"h-pre-sales\">Servicios de preventa<\/h3>    <ul class=\"wp-block-list\"> <li>Consulta gratuita y an\u00e1lisis de necesidades<\/li>    <li>Estudio de viabilidad de inversi\u00f3n<\/li>    <li>Dise\u00f1o personalizado de la l\u00ednea de producci\u00f3n<\/li>    <li>Cotizaci\u00f3n detallada en 24 horas<\/li>    <li>Arreglo de visita a la f\u00e1brica<\/li> <\/ul> <\/div>    <div class=\"wp-block-column is-layout-flow wp-block-column-is-layout-flow\"> <h3 class=\"wp-block-heading\" id=\"h-during-sales\">Durante la venta<\/h3>    <ul class=\"wp-block-list\"> <li>Actualizaciones de producci\u00f3n regulares<\/li>    <li>Informes de inspecci\u00f3n de calidad<\/li>    <li>Videos de pruebas de equipos<\/li>    <li>Arreglo de env\u00edo<\/li>    <li>Documentaci\u00f3n de exportaci\u00f3n<\/li> <\/ul> <\/div>    <div class=\"wp-block-column is-layout-flow wp-block-column-is-layout-flow\"> <h3 class=\"wp-block-heading\" id=\"h-after-sales\">Soporte postventa<\/h3>    <ul class=\"wp-block-list\"> <li>Planos de instalaci\u00f3n y orientaci\u00f3n<\/li>    <li>Manuales de operaci\u00f3n y videos<\/li>    <li>Soporte de instalaci\u00f3n en el sitio (opcional)<\/li>    <li>Garant\u00eda de 12 meses<\/li>    <li>Soporte t\u00e9cnico de por vida<\/li> <\/ul> <\/div> <\/div>    <h2 class=\"wp-block-heading\" id=\"h-why-choose-shuliy\">\u2b50 \u00bfPor qu\u00e9 elegir Shuliy Machinery?<\/h2>    <ul class=\"wp-block-list\"> <li>\u2705 <strong>Experiencia de fabricaci\u00f3n de 15  a\u00f1os:<\/strong> Amplia experiencia en la fabricaci\u00f3n de m\u00e1quinas de yogur<\/li>    <li>\u2705 <strong>Precios directos de f\u00e1brica:<\/strong> Sin intermediarios, la mejor relaci\u00f3n calidad-precio para su inversi\u00f3n<\/li>    <li>\u2705 <strong>Soluciones personalizadas:<\/strong> Adaptado a su capacidad, espacio y requisitos presupuestarios<\/li>    <li>\u2705 <strong>Aseguramiento de la calidad:<\/strong> ISO certificado, CE aprobado, control de calidad riguroso<\/li>    <li>\u2705 <strong>Entrega r\u00e1pida:<\/strong> Equipo est\u00e1ndar listo para enviar en 15-20 d\u00edas<\/li>    <li>\u2705 <strong>env\u00edos globales:<\/strong> Experiencia en exportaci\u00f3n a 50  pa\u00edses<\/li>    <li>\u2705 <strong>Soporte 24\/7<\/strong> Asistencia t\u00e9cnica las 24 horas<\/li>    <li>\u2705 <strong>Disponibilidad de repuestos:<\/strong> Garant\u00eda de suministro de piezas a largo plazo<\/li> <\/ul>    <h2 class=\"wp-block-heading\" id=\"h-factory-visit\">\ud83c\udfed Bienvenido a visitar nuestra f\u00e1brica<\/h2>    <p>Le invitamos cordialmente a visitar nuestra instalaci\u00f3n de fabricaci\u00f3n y ver nuestras m\u00e1quinas de yogur en acci\u00f3n. Durante su visita a la f\u00e1brica, podr\u00e1:<\/p>    <ul class=\"wp-block-list\"> <li>\u2705 Inspecci\u00f3n directa de la calidad y la artesan\u00eda de los equipos<\/li>    <li>\u2705 Ver demostraciones y pruebas de equipos en vivo<\/li>    <li>\u2705 Conozca a nuestro equipo de ingenier\u00eda y discuta sus requisitos<\/li>    <li>\u2705 Visite nuestras instalaciones de producci\u00f3n y sistemas de control de calidad<\/li>    <li>\u2705 Explore las opciones de personalizaci\u00f3n y caracter\u00edsticas especiales<\/li>    <li>\u2705 Obtenga asesor\u00eda in situ de nuestros expertos t\u00e9cnicos<\/li> <\/ul>    <p class=\"translation-block\"><strong>Direcci\u00f3n de la f\u00e1brica:<\/strong> Ruta N\u00e1utica Este, Zona de Desarrollo Econ\u00f3mico de Zhengzhou, Henan, China<br><strong> Aeropuerto m\u00e1s cercano:<\/strong> Aeropuerto Internacional Zhengzhou Xinzheng (CGO) \u2013 a 30 minutos en coche<br><strong> Arreglo de visita:<\/strong> Por favor, p\u00f3ngase en contacto con nosotros al menos 3 d\u00edas antes para programar su visita<\/p>    <p>Nuestros asesores de ventas y t\u00e9cnicos proporcionar\u00e1n detalles completos de la m\u00e1quina (par\u00e1metros, manuales de instrucciones, videos de funcionamiento y presupuestos), an\u00e1lisis de viabilidad de la inversi\u00f3n y soluciones personalizadas.<\/p>    <div class=\"wp-block-image\"><figure class=\"aligncenter size-large\"><img loading=\"lazy\" decoding=\"async\" width=\"720\" height=\"491\" src=\"http:\/\/yogurt-machine.com\/wp-content\/uploads\/2019\/11\/Welcome-to-Shuliy-machinery.jpg\" alt=\"Welcome to Shuliy machinery factory visit\" class=\"wp-image-262\" title=\"\"><\/figure><\/div>    <h2 class=\"wp-block-heading\" id=\"h-start-your-yogurt-business\">\ud83d\ude80 Comience su negocio de producci\u00f3n de yogur hoy<\/h2>    <p>Ya seas un ganadero que busca diversificar sus ingresos, un emprendedor que entra en la rentable industria del yogur o un procesador de alimentos establecido que expande su l\u00ednea de productos, Shuliy Machinery es su socio ideal.<\/p>    <p>Con nuestra amplia gama de productos, soluciones a medida y un compromiso inquebrantable con la calidad, le ayudaremos a construir un negocio de producci\u00f3n de yogur exitoso. Desde l\u00edneas peque\u00f1as de 200 L\/d\u00eda hasta plantas industriales de 5000 L\/d\u00eda, tenemos la experiencia y el equipo para satisfacer sus necesidades.<\/p>    <div class=\"wp-block-buttons is-layout-flex wp-block-buttons-is-layout-flex\"> <div class=\"wp-block-button\"><a class=\"wp-block-button__link wp-element-button\" href=\"https:\/\/yogurt-machine.com\/es\/contactenos\/\">\ud83d\udcde Cont\u00e1ctenos hoy<\/a><\/div>    <div class=\"wp-block-button\"><a class=\"wp-block-button__link wp-element-button\" href=\"https:\/\/yogurt-machine.com\/es\/linea-de-produccion-de-yogur-maquina-de-yogur\/\">\ud83d\udd0d Ver productos<\/a><\/div>    <div class=\"wp-block-button\"><a class=\"wp-block-button__link wp-element-button\" href=\"https:\/\/wa.me\/8613838515872\" target=\"_blank\" rel=\"noopener\">\ud83d\udcac Chat en WhatsApp<\/a><\/div> <\/div>    <hr class=\"wp-block-separator has-css-opacity\"\/>    <p class=\"has-small-font-size translation-block\"><em>Palabras clave: fabricante de m\u00e1quinas de yogur, proveedor de l\u00edneas de producci\u00f3n de yogur, equipo comercial de yogur, maquinaria de procesamiento de leche China, Shuliy Machinery, f\u00e1brica de m\u00e1quinas de yogur, equipo de procesamiento de leche, fabricante de plantas de yogur, m\u00e1quinas de yogur certificadas ISO, l\u00ednea de producci\u00f3n de yogur CE<\/em><\/p>","protected":false},"excerpt":{"rendered":"<p>Shuliy Machinery is a professional yogurt machine manufacturer established in 2011. We specialize in yogurt production lines with 15+ years experience, serving 50+ countries worldwide.<\/p>","protected":false},"author":1,"featured_media":0,"parent":0,"menu_order":0,"comment_status":"closed","ping_status":"closed","template":"","meta":{"footnotes":""},"class_list":["post-16","page","type-page","status-publish"],"_links":{"self":[{"href":"https:\/\/yogurt-machine.com\/es\/wp-json\/wp\/v2\/pages\/16","targetHints":{"allow":["GET"]}}],"collection":[{"href":"https:\/\/yogurt-machine.com\/es\/wp-json\/wp\/v2\/pages"}],"about":[{"href":"https:\/\/yogurt-machine.com\/es\/wp-json\/wp\/v2\/types\/page"}],"author":[{"embeddable":true,"href":"https:\/\/yogurt-machine.com\/es\/wp-json\/wp\/v2\/users\/1"}],"replies":[{"embeddable":true,"href":"https:\/\/yogurt-machine.com\/es\/wp-json\/wp\/v2\/comments?post=16"}],"version-history":[{"count":7,"href":"https:\/\/yogurt-machine.com\/es\/wp-json\/wp\/v2\/pages\/16\/revisions"}],"predecessor-version":[{"id":16849,"href":"https:\/\/yogurt-machine.com\/es\/wp-json\/wp\/v2\/pages\/16\/revisions\/16849"}],"wp:attachment":[{"href":"https:\/\/yogurt-machine.com\/es\/wp-json\/wp\/v2\/media?parent=16"}],"curies":[{"name":"wp","href":"https:\/\/api.w.org\/{rel}","templated":true}]}}